{"id":2392,"date":"2020-02-18T16:06:10","date_gmt":"2020-02-19T07:44:21","guid":{"rendered":"https:\/\/evotek.md\/?post_type=product&#038;p=2392"},"modified":"2023-03-06T13:30:13","modified_gmt":"2023-03-06T13:30:13","slug":"masa-frigorifica-stalgast-841026","status":"publish","type":"product","link":"https:\/\/evotek.md\/ro\/produse\/echipamente-frigorifice\/masa-frigider\/masa-frigorifica-stalgast-841026\/","title":{"rendered":"MASA FRIGORIFICA CU BORDUR LA PERETE, 2 USI, 250 LITRI -ST-841026"},"content":{"rendered":"<p><strong>MASA FRIGORIFICA CU BORDUR LA PERETE, 2 USI, 250 LITRI -ST-841026- <\/strong>\u00a0Mas\u0103 frigorific\u0103 cu latur\u0103 de temperatur\u0103 medie, cu 2 u\u0219i, carcasa \u0219i interiorul din inox. Masa are func\u021bia de decongelare automat\u0103, regulator electronic cu afi\u0219are de temperatur\u0103, evaporare automat\u0103 a condensului, circula\u021bie for\u021bat\u0103 a aerului, picioare reglabile din o\u021bel inoxidabil, 2 rafturi, u\u0219\u0103 cu auto\u00eenchidere cu blocare u\u0219\u0103 deschis\u0103, element de \u00eenc\u0103lzire al\u0103turat \u00een masa congelatoare, grosime de izola\u021bie 60 mm.<\/p>\n<p>Caracteristici<br \/>\nNumar de usi: 2 usi<br \/>\nVolum: 250 l<br \/>\nInterval de temperatur\u0103: -2..+8\u00b0\u0421<br \/>\nLatime standard: 700 mm<br \/>\nMaterial carcas\u0103: O\u021bel inoxidabil<br \/>\nTensiune: 220 V<br \/>\nPutere: 0,35 kW<br \/>\nDimensiuni: 1360x700x860 mm<br \/>\nGreutate: 86 kg<\/p>\n<p>&nbsp;<\/p>\n<p>&nbsp;<\/p>\n","protected":false},"excerpt":{"rendered":"<p>Mas\u0103 frigorific\u0103 cu 2 u\u0219i cu parte lateral\u0103. Num\u0103rul de rafturi: 2; Stare de temperatur\u0103: -2 &#8230; + 8 \u00b0 \u0421; Tensiune: 220 V; Putere: 0,35 kW; Dimensiuni: 1360x700x860 mm.<\/p>\n","protected":false},"featured_media":2369,"template":"","meta":[],"_links":{"self":[{"href":"https:\/\/evotek.md\/ro\/wp-json\/wp\/v2\/product\/2392"}],"collection":[{"href":"https:\/\/evotek.md\/ro\/wp-json\/wp\/v2\/product"}],"about":[{"href":"https:\/\/evotek.md\/ro\/wp-json\/wp\/v2\/types\/product"}],"wp:featuredmedia":[{"embeddable":true,"href":"https:\/\/evotek.md\/ro\/wp-json\/wp\/v2\/media\/2369"}],"wp:attachment":[{"href":"https:\/\/evotek.md\/ro\/wp-json\/wp\/v2\/media?parent=2392"}],"curies":[{"name":"wp","href":"https:\/\/api.w.org\/{rel}","templated":true}]}}