{"id":2391,"date":"2020-02-18T18:11:39","date_gmt":"2020-02-18T18:22:05","guid":{"rendered":"https:\/\/evotek.md\/?post_type=product&#038;p=2391"},"modified":"2022-09-29T15:01:53","modified_gmt":"2022-09-29T15:01:53","slug":"plita-electrica-profesionala-pe-4","status":"publish","type":"product","link":"https:\/\/evotek.md\/ro\/produse\/echipamente-termice\/plite-electrice\/plita-electrica-profesionala-pe-4\/","title":{"rendered":"PLITA ELECTRICA CU 4 ARZATOARE -PE-4"},"content":{"rendered":"<p><strong>PLITA ELECTRICA CU 4 ARZATOARE -PE-4-<\/strong> Plit\u0103 electric\u0103 cu patru arz\u0103toare PE-4 este destinat\u0103 pentru prepararea bucatelor \u00een cantine, restaurante, cafenele, baruri \u0219i alte puncte de alimenta\u021bie public\u0103. Comutatorul pe trepte de inc\u0103lzire permite controlul temeperaturii de g\u0103tire. Conectarea la re\u021beaua electric\u0103 a plitei PE-4 este realizat\u0103 printr-un cablu de \u00eenalt\u0103 calitate izolat termic. \u00cencadrarea arz\u0103toarelor este realizat\u0103 dintr-o foaie inoxidabil\u0103 rezistent\u0103 \u0219i solid\u0103. \u00a0Picioarele sunt regabile.<\/p>\n<p>&nbsp;<\/p>\n<p>Tipul de instalare: PE PODEA<\/p>\n<p>Cuptor electric: NU<\/p>\n<p>Forma arz\u0103toarelor: DREPTUNGHIULAR\u0102<\/p>\n<p>Intervalul de control al temperaturii: \u0421\u00a0 +50\u2026+300<\/p>\n<p>Num\u0103rul de arz\u0103toare: 4<\/p>\n<p>M\u0103rimea arz\u0103toarelor: 294&#215;415 mm<\/p>\n<p>Tensiune: 380 V<\/p>\n<p>Puterea: 12kW<\/p>\n<p>Dimensiuni generale: 930x700x850mm<\/p>\n<p>Greutate: 88 kg<\/p>\n<p>&nbsp;<\/p>\n","protected":false},"excerpt":{"rendered":"<p>Plit\u0103 electric\u0103 profesional\u0103 cu 4 arz\u0103toare pentru cafenea, restaurant, cantin\u0103, \u0219coal\u0103 sau gr\u0103dini\u021b\u0103. Arz\u0103toarele sunt de form\u0103 dreptunghiular\u0103, cu dimensiunea de 294&#215;415 mm. Puterea 4&#215;3,0 Kw. Dimensiuni generale 930x700x850 mm<\/p>\n","protected":false},"featured_media":2390,"template":"","meta":[],"_links":{"self":[{"href":"https:\/\/evotek.md\/ro\/wp-json\/wp\/v2\/product\/2391"}],"collection":[{"href":"https:\/\/evotek.md\/ro\/wp-json\/wp\/v2\/product"}],"about":[{"href":"https:\/\/evotek.md\/ro\/wp-json\/wp\/v2\/types\/product"}],"wp:featuredmedia":[{"embeddable":true,"href":"https:\/\/evotek.md\/ro\/wp-json\/wp\/v2\/media\/2390"}],"wp:attachment":[{"href":"https:\/\/evotek.md\/ro\/wp-json\/wp\/v2\/media?parent=2391"}],"curies":[{"name":"wp","href":"https:\/\/api.w.org\/{rel}","templated":true}]}}