{"id":23893,"date":"2021-06-30T13:16:02","date_gmt":"2021-06-30T13:16:35","guid":{"rendered":"https:\/\/evotek.md\/?post_type=product&#038;p=23893"},"modified":"2023-03-01T14:06:57","modified_gmt":"2023-03-01T14:06:57","slug":"friteuza-electrica-cu-robinet-caterina-8-l-st-746096","status":"publish","type":"product","link":"https:\/\/evotek.md\/ro\/produse\/echipamente-pentru-fast-food\/friteuze-2\/friteuza-electrica-cu-robinet-caterina-8-l-st-746096\/","title":{"rendered":"FRITEUZA ELECTRICA CU ROBINET, 8 LITRI CATERINA -ST-746096"},"content":{"rendered":"<p><strong>FRITEUZA ELECTRICA CU ROBINET, 8 LITRI CATERINA -ST-746096-<\/strong> Friteuz\u0103 electric\u0103 de mas\u0103, volum 8 litri. Design modern \u0219i m\u00e2nere ergonomice. Caracteristici: Co\u0219 robust cu ata\u0219ament frontal \u0219i m\u00e2ner rezistent la c\u0103ldur\u0103; reglarea temperaturii prin butonul 60-200 \u00b0 C; un sistem de zone reci pentru a preveni arderea resturilor alimentare; panou de control detasabil pentru curatarea usoara a dispozitivului; robinet de scurgere.<\/p>\n<p>Caracteristici<br \/>\nParametri: 300x510x390 mm<br \/>\nPutere electric\u0103: 3 kW<br \/>\nTensiune: 230V<br \/>\nCapacitate: 8L<\/p>\n<p>&nbsp;<\/p>\n","protected":false},"excerpt":{"rendered":"<p>Friteuz\u0103 electric\u0103 cu robinet, volum 8 litri. Parametri: 300x510x390 mm; Putere electric\u0103: 3 kW; Tensiune: 230V; Capacitate: 8L.<\/p>\n","protected":false},"featured_media":23892,"template":"","meta":[],"_links":{"self":[{"href":"https:\/\/evotek.md\/ro\/wp-json\/wp\/v2\/product\/23893"}],"collection":[{"href":"https:\/\/evotek.md\/ro\/wp-json\/wp\/v2\/product"}],"about":[{"href":"https:\/\/evotek.md\/ro\/wp-json\/wp\/v2\/types\/product"}],"wp:featuredmedia":[{"embeddable":true,"href":"https:\/\/evotek.md\/ro\/wp-json\/wp\/v2\/media\/23892"}],"wp:attachment":[{"href":"https:\/\/evotek.md\/ro\/wp-json\/wp\/v2\/media?parent=23893"}],"curies":[{"name":"wp","href":"https:\/\/api.w.org\/{rel}","templated":true}]}}