{"id":23889,"date":"2021-06-30T11:38:48","date_gmt":"2021-06-30T11:39:44","guid":{"rendered":"https:\/\/evotek.md\/?post_type=product&#038;p=23889"},"modified":"2023-03-01T14:00:12","modified_gmt":"2023-03-01T14:00:12","slug":"st-777325","status":"publish","type":"product","link":"https:\/\/evotek.md\/ro\/produse\/echipamente-pentru-fast-food\/friteuze-2\/st-777325\/","title":{"rendered":"FRITEUZA ELECTRICA CU ROBINET, 8 LITRI -ST-777325"},"content":{"rendered":"<p><strong>FRITEUZA ELECTRICA CU ROBINET, 8 LITRI -ST-777325-<\/strong> Friteuz\u0103 electric\u0103 de mas\u0103, volum 8 litri. Design modern \u0219i m\u00e2nere ergonomice. Facilit\u0103\u021bi: sistem &#8220;zona rece&#8221;; filtrare automat\u0103 a uleiului; control precis al temperaturii; termostat de siguran\u021b\u0103; co\u0219 \u0219i capac cu m\u00e2nere rezistente la c\u0103ldur\u0103; supap\u0103 de scurgere pentru pr\u0103jire.<\/p>\n<p>Caracteristici<br \/>\nNum\u0103r de camere: 1 buc.<br \/>\nTensiune: 230V<br \/>\nAlimentarea cu energie electric\u0103: electricitate<br \/>\nParametrii W, D, H: 265x450x360 mm<br \/>\nGreutate: 8 kg<br \/>\nPutere electric\u0103: 3,6 kW<br \/>\nVolum: 8 l<\/p>\n<p>&nbsp;<\/p>\n","protected":false},"excerpt":{"rendered":"<p>Friteuz\u0103 electric\u0103 cu robinet, volum 8 litri. Num\u0103r de camere: 1 buc; Tensiune: 230V; Alimentarea cu energie electric\u0103: electricitate; Parametrii W, D, H: 265x450x360 mm; Greutate: 8 kg; Putere electric\u0103: 3,6 kW.<\/p>\n","protected":false},"featured_media":23888,"template":"","meta":[],"_links":{"self":[{"href":"https:\/\/evotek.md\/ro\/wp-json\/wp\/v2\/product\/23889"}],"collection":[{"href":"https:\/\/evotek.md\/ro\/wp-json\/wp\/v2\/product"}],"about":[{"href":"https:\/\/evotek.md\/ro\/wp-json\/wp\/v2\/types\/product"}],"wp:featuredmedia":[{"embeddable":true,"href":"https:\/\/evotek.md\/ro\/wp-json\/wp\/v2\/media\/23888"}],"wp:attachment":[{"href":"https:\/\/evotek.md\/ro\/wp-json\/wp\/v2\/media?parent=23889"}],"curies":[{"name":"wp","href":"https:\/\/api.w.org\/{rel}","templated":true}]}}