{"id":23882,"date":"2021-06-30T10:55:22","date_gmt":"2021-06-30T10:56:33","guid":{"rendered":"https:\/\/evotek.md\/?post_type=product&#038;p=23882"},"modified":"2023-03-01T13:55:48","modified_gmt":"2023-03-01T13:55:48","slug":"friteuza-electrica-8-l-r101-2","status":"publish","type":"product","link":"https:\/\/evotek.md\/ro\/produse\/echipamente-pentru-fast-food\/friteuze-2\/friteuza-electrica-8-l-r101-2\/","title":{"rendered":"FRITEUZA ELECTRICA, 8 LITRI -REMTA-R101"},"content":{"rendered":"<p><strong>FRITEUZA ELECTRICA, 8 LITRI -REMTA-R101-<\/strong> Friteuza este utilizat\u0103 \u00een unit\u0103\u021bile de alimenta\u021bie public\u0103 pentru prepararea unei game largi de bucate \u00een cantit\u0103\u021bi mari de ulei sau gr\u0103simi. Facilit\u0103\u021bi: Potrivit pentru uz profesional; Termostat de \u00eenalt\u0103 precizie; Rezervor de ulei deta\u0219abil din inox; Co\u0219 cu m\u00e2nere deta\u0219abile; Carcas\u0103 \u0219i capac din inox.<\/p>\n<p>Caracteristici<br \/>\nDimensiuni produs: 345x650x360 mm<br \/>\nGreutate: 6 kg<br \/>\nCapacitate: 8 L<br \/>\nPutere: 3000 W<\/p>\n<p>&nbsp;<\/p>\n","protected":false},"excerpt":{"rendered":"<p>Friteuz\u0103 electric\u0103 la 8 litri. Dimensiuni produs: 345x650x360 mm; Greutate: 6 kg; Capacitate: 8 L; Putere: 3000 W.<\/p>\n","protected":false},"featured_media":23873,"template":"","meta":[],"_links":{"self":[{"href":"https:\/\/evotek.md\/ro\/wp-json\/wp\/v2\/product\/23882"}],"collection":[{"href":"https:\/\/evotek.md\/ro\/wp-json\/wp\/v2\/product"}],"about":[{"href":"https:\/\/evotek.md\/ro\/wp-json\/wp\/v2\/types\/product"}],"wp:featuredmedia":[{"embeddable":true,"href":"https:\/\/evotek.md\/ro\/wp-json\/wp\/v2\/media\/23873"}],"wp:attachment":[{"href":"https:\/\/evotek.md\/ro\/wp-json\/wp\/v2\/media?parent=23882"}],"curies":[{"name":"wp","href":"https:\/\/api.w.org\/{rel}","templated":true}]}}