{"id":23879,"date":"2021-06-30T10:51:00","date_gmt":"2021-06-30T10:53:59","guid":{"rendered":"https:\/\/evotek.md\/?post_type=product&#038;p=23879"},"modified":"2023-03-01T13:58:46","modified_gmt":"2023-03-01T13:58:46","slug":"friteuza-electrica-cu-robinet-8-l-r110","status":"publish","type":"product","link":"https:\/\/evotek.md\/ro\/produse\/echipamente-pentru-fast-food\/friteuze-2\/friteuza-electrica-cu-robinet-8-l-r110\/","title":{"rendered":"FRITEUZA ELECTRICA CU ROBINET, 8 LITRI -REMTA-R110"},"content":{"rendered":"<p><strong>FRITEUZA ELECTRICA CU ROBINET, 8 LITRI -REMTA-R110-<\/strong> Friteuza cu robinet este utilizat\u0103 \u00een unit\u0103\u021bile de alimenta\u021bie public\u0103 pentru prepararea unei game largi de bucate \u00een cantit\u0103\u021bi mari de ulei sau gr\u0103simi. Facilit\u0103\u021bi: Ofer\u0103 o utilizare u\u0219oar\u0103 cu robinetul de scurgere a uleiului; Potrivit pentru uz profesional; Termostat de \u00eenalt\u0103 precizie; Exist\u0103, de asemenea, un al doilea termostat pentru securitatea la incendiu; Rezervor de ulei deta\u0219abil din inox; Co\u0219 cu m\u00e2nere deta\u0219abile; Carcas\u0103 \u0219i capac din inox.<\/p>\n<p>Caracteristici<br \/>\nDimensiuni produs: 320x620x440 mm<br \/>\nGreutate: 8,5 kg<br \/>\nCapacitate: 8 L<br \/>\nPutere: 3200 W<\/p>\n<p>&nbsp;<\/p>\n","protected":false},"excerpt":{"rendered":"<p>Friteuz\u0103 electric\u0103 cu robinet pentru scurgerea uleiului la 8 litri. Dimensiuni produs: 320x620x440 mm; Greutate: 8,5 kg; Capacitate: 8 L; Putere: 3200 W.<\/p>\n","protected":false},"featured_media":23871,"template":"","meta":[],"_links":{"self":[{"href":"https:\/\/evotek.md\/ro\/wp-json\/wp\/v2\/product\/23879"}],"collection":[{"href":"https:\/\/evotek.md\/ro\/wp-json\/wp\/v2\/product"}],"about":[{"href":"https:\/\/evotek.md\/ro\/wp-json\/wp\/v2\/types\/product"}],"wp:featuredmedia":[{"embeddable":true,"href":"https:\/\/evotek.md\/ro\/wp-json\/wp\/v2\/media\/23871"}],"wp:attachment":[{"href":"https:\/\/evotek.md\/ro\/wp-json\/wp\/v2\/media?parent=23879"}],"curies":[{"name":"wp","href":"https:\/\/api.w.org\/{rel}","templated":true}]}}