{"id":23877,"date":"2021-06-30T10:48:35","date_gmt":"2021-06-30T10:49:15","guid":{"rendered":"https:\/\/evotek.md\/?post_type=product&#038;p=23877"},"modified":"2023-03-01T13:56:44","modified_gmt":"2023-03-01T13:56:44","slug":"friteuza-electrica-55-l-r93","status":"publish","type":"product","link":"https:\/\/evotek.md\/ro\/produse\/echipamente-pentru-fast-food\/friteuze-2\/friteuza-electrica-55-l-r93\/","title":{"rendered":"FRITEUZA ELECTRICA, 5+5 LITRI -REMTA-R93"},"content":{"rendered":"<p><strong>FRITEUZA ELECTRICA, 5+5 LITRI -REMTA-R93-<\/strong> Friteuza electric\u0103 este utilizat\u0103 \u00een unit\u0103\u021bile de alimenta\u021bie public\u0103 pentru prepararea unei game largi de bucate \u00een cantit\u0103\u021bi mari de ulei sau gr\u0103simi. Facilit\u0103\u021bi: Potrivit pentru uz profesional; Termostat de \u00eenalt\u0103 precizie; Rezervor de ulei deta\u0219abil din o\u021bel; Co\u0219 cu m\u00e2nere deta\u0219abile; Carcasa din inox; Capac din inox.<\/p>\n<p>Caracteristici<br \/>\nDimensiuni produs: 550x620x355 mm<br \/>\nGreutate: 9 kg<br \/>\nCapacitate: 5 + 5 (10) L<br \/>\nPutere: 5500 W<\/p>\n<p>&nbsp;<\/p>\n","protected":false},"excerpt":{"rendered":"<p>Friteuza electrica la 5+5 litri. Dimensiuni produs: 550x620x355 mm; Greutate: 9 kg; Capacitate: 5 + 5 (10) L; Putere: 5500 W.<\/p>\n","protected":false},"featured_media":23869,"template":"","meta":[],"_links":{"self":[{"href":"https:\/\/evotek.md\/ro\/wp-json\/wp\/v2\/product\/23877"}],"collection":[{"href":"https:\/\/evotek.md\/ro\/wp-json\/wp\/v2\/product"}],"about":[{"href":"https:\/\/evotek.md\/ro\/wp-json\/wp\/v2\/types\/product"}],"wp:featuredmedia":[{"embeddable":true,"href":"https:\/\/evotek.md\/ro\/wp-json\/wp\/v2\/media\/23869"}],"wp:attachment":[{"href":"https:\/\/evotek.md\/ro\/wp-json\/wp\/v2\/media?parent=23877"}],"curies":[{"name":"wp","href":"https:\/\/api.w.org\/{rel}","templated":true}]}}