{"id":23874,"date":"2021-06-30T10:46:22","date_gmt":"2021-06-30T10:47:35","guid":{"rendered":"https:\/\/evotek.md\/?post_type=product&#038;p=23874"},"modified":"2023-03-01T13:58:00","modified_gmt":"2023-03-01T13:58:00","slug":"friteuza-electrica-cu-robinet-88-l-r111","status":"publish","type":"product","link":"https:\/\/evotek.md\/ro\/produse\/echipamente-pentru-fast-food\/friteuze-2\/friteuza-electrica-cu-robinet-88-l-r111\/","title":{"rendered":"FRITEUZA ELECTRICA CU ROBINET, 8+8 LITRI -REMTA-R111"},"content":{"rendered":"<p><strong>FRITEUZA ELECTRICA CU ROBINET, 8+8 LITRI -REMTA-R111-<\/strong> Friteuza cu robinet este utilizat\u0103 \u00een unit\u0103\u021bile de alimenta\u021bie public\u0103 pentru prepararea unei game largi de bucate \u00een cantit\u0103\u021bi mari de ulei sau gr\u0103simi. Facilit\u0103\u021bi: Potrivit pentru izolare profesional\u0103; Termostat de precizie de precizie; Exist\u0103, de asemenea, un al doilea termostat pentru securitatea la incendiu; Rezervor de ulei deta\u0219abil din o\u021bel; Cos cu manere detasabile; Capac din inox.<\/p>\n<p>Caracteristici<br \/>\nDimensiuni produs: 640x620x440mm<br \/>\nGreutate: 16 kg<br \/>\nCapacitate: 8 + 8L<br \/>\nPutere: 6400 W<\/p>\n<p>&nbsp;<\/p>\n","protected":false},"excerpt":{"rendered":"<p>Friteuza electrica la 8+8 litri. Dimensiuni produs: 640x620x440mm; Greutate: 16 kg; Capacitate: 8 + 8L; Putere: 6400 W.<\/p>\n","protected":false},"featured_media":23867,"template":"","meta":[],"_links":{"self":[{"href":"https:\/\/evotek.md\/ro\/wp-json\/wp\/v2\/product\/23874"}],"collection":[{"href":"https:\/\/evotek.md\/ro\/wp-json\/wp\/v2\/product"}],"about":[{"href":"https:\/\/evotek.md\/ro\/wp-json\/wp\/v2\/types\/product"}],"wp:featuredmedia":[{"embeddable":true,"href":"https:\/\/evotek.md\/ro\/wp-json\/wp\/v2\/media\/23867"}],"wp:attachment":[{"href":"https:\/\/evotek.md\/ro\/wp-json\/wp\/v2\/media?parent=23874"}],"curies":[{"name":"wp","href":"https:\/\/api.w.org\/{rel}","templated":true}]}}