{"id":23863,"date":"2021-06-29T13:21:43","date_gmt":"2021-06-29T13:23:28","guid":{"rendered":"https:\/\/evotek.md\/?post_type=product&#038;p=23863"},"modified":"2022-12-13T08:40:55","modified_gmt":"2022-12-13T08:40:55","slug":"dm-8","status":"publish","type":"product","link":"https:\/\/evotek.md\/ro\/produse\/echipamente-termice\/cuptoare-cu-convectie-cuptoare\/dm-8\/","title":{"rendered":"CUPTOR CU CONVEC\u021aIE\/ DELI MASTER DM 8"},"content":{"rendered":"<p><strong>CUPTOR CU CONVEC\u021aIE\/ DELI MASTER DM 8-<\/strong> Cu cuptorul de patiserie DeliMaster vei g\u0103ti nenum\u0103rate feluri de m\u00e2ncare preferate \u2013 de la p\u00e2ine crocant\u0103 dulci \u0219i s\u0103rate p\u00e2n\u0103 la carne perfect coapt\u0103 de toate felurile \u0219i chiar produse de patiserie \u0219i baze pentru baghete, burgeri etc. Controalele intuitive \u0219i func\u021biile avansate care v\u0103 economisesc timp, bani \u0219i ore de lucru sunt standard.<\/p>\n<p>Capacitatea camerei de coacere a acestui model este de 8 tavi = 1,92 m 2 . Recipiente Gastronorm dimensiune GN 400&#215;600 mm &#8211; dimensiune standard de copt. Pentru dimensiunea DeliMaster 8 pot fi achizi\u021bionate o gam\u0103 larg\u0103 de accesorii &#8211; un suport din o\u021bel inoxidabil, DeliProufer, un Vision Vent etc. DeliMaster 8 poate fi \u00eencorporat \u00eentr-un set cu un cuptor de cofet\u0103rie DeliMaster 5 sau cu un DeliProfier. Sistem de generare a aburului numai prin injec\u021bie. Electricitatea este singura surs\u0103 de c\u0103ldur\u0103.<\/p>\n<p>Caracteristici<br \/>\nEnergie: electricitate<br \/>\nProduc\u021bia de abur: injector<br \/>\nCapacitate: 8 x 600\/400<br \/>\nLoc pentru coacere: 1,92 m 2<br \/>\nDistan\u021ba: 85 mm<br \/>\nDimensiuni (LxAxI): 933x1046x821 mm<br \/>\nGreutate: 138 kg<br \/>\nPutere totala: 18,6 kW<br \/>\nPutere termica: 18 kW<br \/>\nSiguranta: 32 A<br \/>\nTensiune: 3N~\/380-415V\/50-60Hz<br \/>\nRacord apa \/ scurgere: G 3\/4&#8243; &#8211; \/ 50 mm<br \/>\nTemperatura: 30 &#8211; 300 \u00b0C<\/p>\n","protected":false},"excerpt":{"rendered":"<p>Cuptor cu convec\u021bie. Energie: electricitate; Produc\u021bia de abur: injector; Capacitate: 8 x 600\/400; Loc pentru coacere: 1,92 m 2, Distan\u021ba: 85 mm, Dimensiuni (LxAxI): 933x1046x821 mm; Greutate: 138 kg; Putere totala: 18,6 kW; Putere termica: 18 kW; Siguranta: 32 A; Tensiune: 3N~\/380-415V\/50-60Hz; Racord apa \/ scurgere: G 3\/4&#8243; &#8211; \/ 50 mm; Temperatura: 30 &#8211; 300 \u00b0C.<\/p>\n","protected":false},"featured_media":23850,"template":"","meta":[],"_links":{"self":[{"href":"https:\/\/evotek.md\/ro\/wp-json\/wp\/v2\/product\/23863"}],"collection":[{"href":"https:\/\/evotek.md\/ro\/wp-json\/wp\/v2\/product"}],"about":[{"href":"https:\/\/evotek.md\/ro\/wp-json\/wp\/v2\/types\/product"}],"wp:featuredmedia":[{"embeddable":true,"href":"https:\/\/evotek.md\/ro\/wp-json\/wp\/v2\/media\/23850"}],"wp:attachment":[{"href":"https:\/\/evotek.md\/ro\/wp-json\/wp\/v2\/media?parent=23863"}],"curies":[{"name":"wp","href":"https:\/\/api.w.org\/{rel}","templated":true}]}}