{"id":23846,"date":"2021-06-29T13:17:08","date_gmt":"2021-06-29T13:18:45","guid":{"rendered":"https:\/\/evotek.md\/?post_type=product&#038;p=23846"},"modified":"2023-06-30T12:20:04","modified_gmt":"2023-06-30T12:20:04","slug":"cuptor-cu-convectie-tip-dm-5-%d0%bc%d0%be%d0%b4%d0%b5%d0%bb%d1%8c-2e0611ia-h14-2201","status":"publish","type":"product","link":"https:\/\/evotek.md\/ro\/produse\/echipamente-termice\/cuptoare-cu-convectie-cuptoare\/cuptor-cu-convectie-tip-dm-5-%d0%bc%d0%be%d0%b4%d0%b5%d0%bb%d1%8c-2e0611ia-h14-2201\/","title":{"rendered":"CUPTOR CU CONVECTIE, 5 NIVELE DELI MASTER (H14-2201-IA) -RETIGO DM 5"},"content":{"rendered":"<p><strong>CUPTOR CU CONVECTIE, 5 NIVELE DELI MASTER (H14-2201-IA) -RETIGO DM 5- <\/strong>Cu cuptorul de patiserie DeliMaster ve\u021bi g\u0103ti nenum\u0103rate feluri de m\u00e2ncare preferate \u2013 de la p\u00e2ine crocant\u0103 dulci \u0219i s\u0103rate p\u00e2n\u0103 la carne perfect coapt\u0103 de toate felurile \u0219i chiar produse de patiserie \u0219i baze pentru baghete, burgeri etc. Controalele intuitive \u0219i func\u021biile avansate care v\u0103 economisesc timp, bani \u0219i ore de lucru sunt standard.<\/p>\n<p>Dimensiunile cuptorului de cofet\u0103rie sunt cele mai preferate. Capacitate camera de coacere 5 tavi = 1,2 m 2 . Recipiente Gastronorm dimensiune GN 400&#215;600 mm &#8211; dimensiune standard de copt. Sunt disponibile diverse accesorii pentru dimensiunea DeliMaster 5 &#8211; suport din o\u021bel inoxidabil, DeliProofer, Vision Vent, etc. DeliMaster 5 poate fi integrat cu un DeliMaster 5 sau 8 sau cu un Deliproofer. Sistem de generare a aburului numai prin injec\u021bie. Electricitatea este singura surs\u0103 de c\u0103ldur\u0103.<\/p>\n<p>Caracteristici<br \/>\nEnergie: electricitate<br \/>\nGenera\u021bie: injector cu abur<br \/>\nCapacitate: 5 x 600\/400<br \/>\nSpatiu de coacere: 1,2 m2<br \/>\nDistanta: 85 mm<br \/>\nDimensiuni: (L x A x \u00ce) 933 x 786 x 821 mm<br \/>\nGreutate: 116 kg<br \/>\nPutere totala: 10,9 kW<br \/>\nPutere termica: 10,3 kW<br \/>\nSiguran\u021b\u0103: 16A<br \/>\nTensiune: 3N~\/380-415V\/50-60Hz<br \/>\nRacord\/evacuare apa: G 3\/4&#8243; &#8211; \/ 50 mm<br \/>\nTemperatura: 30 &#8211; 300 \u00b0C<\/p>\n","protected":false},"excerpt":{"rendered":"<p>Cuptor cu convec\u021bie. Energie: electricitate; Genera\u021bie: injector cu abur; Capacitate: 5 x 600\/400; Spatiu de coacere: 1,2 m2; Distanta: 85 mm; Dimensiuni: (L x A x \u00ce) 933 x 786 x 821 mm; Greutate: 116 kg; Putere totala: 10,9 kW; Putere termica: 10,3 kW; Siguran\u021b\u0103: 16A; Tensiune: 3N~\/380-415V\/50-60Hz; Racord\/evacuare apa: G 3\/4&#8243; &#8211; \/ 50 mm; Temperatura: 30 &#8211; 300 \u00b0C.<\/p>\n","protected":false},"featured_media":33985,"template":"","meta":[],"_links":{"self":[{"href":"https:\/\/evotek.md\/ro\/wp-json\/wp\/v2\/product\/23846"}],"collection":[{"href":"https:\/\/evotek.md\/ro\/wp-json\/wp\/v2\/product"}],"about":[{"href":"https:\/\/evotek.md\/ro\/wp-json\/wp\/v2\/types\/product"}],"wp:featuredmedia":[{"embeddable":true,"href":"https:\/\/evotek.md\/ro\/wp-json\/wp\/v2\/media\/33985"}],"wp:attachment":[{"href":"https:\/\/evotek.md\/ro\/wp-json\/wp\/v2\/media?parent=23846"}],"curies":[{"name":"wp","href":"https:\/\/api.w.org\/{rel}","templated":true}]}}