{"id":23813,"date":"2021-06-29T11:23:32","date_gmt":"2021-06-29T11:23:32","guid":{"rendered":"https:\/\/evotek.md\/?post_type=product&#038;p=23813"},"modified":"2022-05-27T10:10:44","modified_gmt":"2022-05-27T10:10:44","slug":"cuptor-cu-abur-tip-o-1221-b-%d0%bc%d0%be%d0%b4%d0%b5%d0%bb%d1%8c-2e1221bz-h14-0452-ia-5","status":"publish","type":"product","link":"https:\/\/evotek.md\/ro\/produse\/echipamente-termice\/cuptoare-cu-abur-2-teplovoe-oborudovanie\/cuptor-cu-abur-tip-o-1221-b-%d0%bc%d0%be%d0%b4%d0%b5%d0%bb%d1%8c-2e1221bz-h14-0452-ia-5\/","title":{"rendered":"CUPTOR CU ABUR \/ Tip O 1221 b"},"content":{"rendered":"<p><strong>CUPTOR CU ABUR \/ Tip O 1221 b \u2013 <\/strong>\u00a0Cuptorul cu abur Retigo Vision 1221 este ideal pentru capacit\u0103\u021bi de produc\u021bie de 400 p\u00e2n\u0103 la 600 de por\u021bii pe zi. Dimensiunile containerelor gastronorm GN 2\/1 (650&#215;530 mm) sau GN 1\/1 (530&#215;325 mm). Echipamentul standard al acestui cuptor include un c\u0103rucior de \u00eenc\u0103rcare. Pentru aceast\u0103 dimensiune standard, pute\u021bi achizi\u021biona suplimentar o gam\u0103 larg\u0103 de accesorii &#8211; un c\u0103rucior de \u00eenc\u0103rcare de rezerv\u0103, echipamente pentru un sistem de distribu\u021bie pentru banchete etc. Sistemul de vaporizare func\u021bioneaz\u0103 pe principiul unui atomizor sau prin intermediul unui cazan.<\/p>\n<p>Caracteristici<br \/>\nEnergie: Electricitate<br \/>\nGenerator de abur: Cazan<br \/>\nCapacitate: 12x GN 2\/1<br \/>\nCapacitate: 400 &#8211; 600<br \/>\nDecalaj \u00eentre rafturi: 65 mm<br \/>\nDimensiuni (WxHxD): 1111x1343x961 mm<br \/>\nGreutate: 220 kg<br \/>\nConsum total de energie p: 36,9 kW<br \/>\nCapacitate de \u00eenc\u0103lzire: 36 kW<br \/>\nConsumul de energie p al generatorului de abur: 33 kW<br \/>\nProtec\u021bie siguran\u021b\u0103: 63 A<br \/>\nAlimentare: 3N ~ \/ 380-415V \/ 50-60 Hz<br \/>\nZgomot: p\u00e2n\u0103 la 70 dBA<br \/>\nIntrare \/ ie\u0219ire ap\u0103: G 3\/4 \u201d\/ 50 mm<br \/>\nTemperatura: 30 &#8211; 300 \u00b0C<\/p>\n","protected":false},"excerpt":{"rendered":"<p>Cuptor cu abur. Energie: Electricitate; Generator de abur: Cazan; Capacitate: 12x GN 2\/1; Capacitate: 400 &#8211; 600<br \/>\nDecalaj \u00eentre rafturi: 65 mm; Dimensiuni (WxHxD): 1111x1343x961 mm; Greutate: 220 kg; Consum total de energie p: 36,9 kW<br \/>\nCapacitate de \u00eenc\u0103lzire: 36 kW; Consumul de energie p al generatorului de abur: 33 kW; Protec\u021bie siguran\u021b\u0103: 63 A; Alimentare: 3N ~ \/ 380-415V \/ 50-60 Hz; Zgomot: p\u00e2n\u0103 la 70 dBA; Intrare \/ ie\u0219ire ap\u0103: G 3\/4 \u201d\/ 50 mm; Temperatura: 30 &#8211; 300 \u00b0C.<\/p>\n","protected":false},"featured_media":23806,"template":"","meta":[],"_links":{"self":[{"href":"https:\/\/evotek.md\/ro\/wp-json\/wp\/v2\/product\/23813"}],"collection":[{"href":"https:\/\/evotek.md\/ro\/wp-json\/wp\/v2\/product"}],"about":[{"href":"https:\/\/evotek.md\/ro\/wp-json\/wp\/v2\/types\/product"}],"wp:featuredmedia":[{"embeddable":true,"href":"https:\/\/evotek.md\/ro\/wp-json\/wp\/v2\/media\/23806"}],"wp:attachment":[{"href":"https:\/\/evotek.md\/ro\/wp-json\/wp\/v2\/media?parent=23813"}],"curies":[{"name":"wp","href":"https:\/\/api.w.org\/{rel}","templated":true}]}}