{"id":23784,"date":"2021-06-29T08:43:37","date_gmt":"2021-06-29T08:43:37","guid":{"rendered":"https:\/\/evotek.md\/?post_type=product&#038;p=23784"},"modified":"2022-05-27T10:14:06","modified_gmt":"2022-05-27T10:14:06","slug":"cuptor-cu-abur-tip-o-2011-ig-%d0%bc%d0%be%d0%b4%d0%b5%d0%bb%d1%8c-2g2011iz-h14-0553-aa-5","status":"publish","type":"product","link":"https:\/\/evotek.md\/ro\/produse\/echipamente-termice\/cuptoare-cu-abur-2-teplovoe-oborudovanie\/cuptor-cu-abur-tip-o-2011-ig-%d0%bc%d0%be%d0%b4%d0%b5%d0%bb%d1%8c-2g2011iz-h14-0553-aa-5\/","title":{"rendered":"CUPTOR CU ABUR \/ Tip O 2011 ig"},"content":{"rendered":"<p><strong>CUPTOR CU ABUR \/ Tip O 2011 ig \u2013<\/strong>\u00a0Cuptorul cu abur Retigo Vision 2011 este ideal pentru capacit\u0103\u021bi de produc\u021bie de 400 p\u00e2n\u0103 la 600 de por\u021bii pe zi. Dimensiunile recipientelor GN 1\/1 gastronorm (530&#215;325 mm). Echipamentul standard al acestui cuptor cu abur include un c\u0103rucior de \u00eenc\u0103rcare. Pentru aceast\u0103 dimensiune standard, pute\u021bi achizi\u021biona suplimentar o gam\u0103 larg\u0103 de accesorii &#8211; un c\u0103rucior de \u00eenc\u0103rcare de rezerv\u0103, echipamente pentru un sistem de distribu\u021bie pentru banchete etc. Sistemul de vaporizare func\u021bioneaz\u0103 pe principiul unui atomizor sau prin intermediul unui cazan.<\/p>\n<p>Caracteristici<br \/>\nEnergie: gaz<br \/>\nGenerator de abur: Injector<br \/>\nCapacitate: 20x GN 1\/1<br \/>\nCapacitate: 400 &#8211; 600<br \/>\nDecalaj \u00eentre rafturi: 63 mm<br \/>\nDimensiuni (WxHxD): 948x1804x834 mm<br \/>\nGreutate: 257 kg<br \/>\nConsum total de energie p: 1,28 kW<br \/>\nCapacitate de \u00eenc\u0103lzire: 45 kW<br \/>\nProtec\u021bie siguran\u021b\u0103: 10 A.<br \/>\nAlimentare: 1N ~ (2 ~) \/ 220-240V \/ 50-60Hz<br \/>\nZgomot: p\u00e2n\u0103 la 70 dBA<br \/>\nIntrare \/ ie\u0219ire ap\u0103: G 3\/4 \u201d\/ 50 mm<br \/>\nRacord la gaz: G 3\/4 &#8221;<br \/>\nTemperatura: 30 &#8211; 300 \u00b0C<\/p>\n","protected":false},"excerpt":{"rendered":"<p>Cuptor cu abur. Energie: gaz; Generator de abur: Injector; Capacitate: 20x GN 1\/1; Capacitate: 400 &#8211; 600; Decalaj \u00eentre rafturi: 63 mm; Dimensiuni (WxHxD): 948x1804x834 mm; Greutate: 257 kg; Consum total de energie p: 1,28 kW; Capacitate de \u00eenc\u0103lzire: 45 kW; Protec\u021bie siguran\u021b\u0103: 10 A; Alimentare: 1N ~ (2 ~) \/ 220-240V \/ 50-60Hz; Zgomot: p\u00e2n\u0103 la 70 dBA; Intrare \/ ie\u0219ire ap\u0103: G 3\/4 \u201d\/ 50 mm; Racord la gaz: G 3\/4 &#8220;; Temperatura: 30 &#8211; 300 \u00b0C.<\/p>\n","protected":false},"featured_media":23773,"template":"","meta":[],"_links":{"self":[{"href":"https:\/\/evotek.md\/ro\/wp-json\/wp\/v2\/product\/23784"}],"collection":[{"href":"https:\/\/evotek.md\/ro\/wp-json\/wp\/v2\/product"}],"about":[{"href":"https:\/\/evotek.md\/ro\/wp-json\/wp\/v2\/types\/product"}],"wp:featuredmedia":[{"embeddable":true,"href":"https:\/\/evotek.md\/ro\/wp-json\/wp\/v2\/media\/23773"}],"wp:attachment":[{"href":"https:\/\/evotek.md\/ro\/wp-json\/wp\/v2\/media?parent=23784"}],"curies":[{"name":"wp","href":"https:\/\/api.w.org\/{rel}","templated":true}]}}