{"id":2377,"date":"2020-02-18T17:10:29","date_gmt":"2020-02-18T17:19:29","guid":{"rendered":"https:\/\/evotek.md\/?post_type=product&#038;p=2377"},"modified":"2025-06-03T08:26:01","modified_gmt":"2025-06-03T08:26:01","slug":"pe-2","status":"publish","type":"product","link":"https:\/\/evotek.md\/ro\/produse\/echipamente-termice\/plite-electrice\/pe-2\/","title":{"rendered":"PLITA ELECTRICA CU 2 ARZATOARE -PE-2"},"content":{"rendered":"<p><strong>PLITA ELECTRICA CU 2 ARZATOARE -PE- 2-<\/strong> Plit\u0103 electric\u0103 cu dou\u0103 arz\u0103toare este destinat\u0103 pentru prepararea bucatelor in cantine, restaurante, cafenele, baruri si alte puncte de alimenta\u021bie public\u0103. Comutatorul pe trepte de inc\u0103lzire permite controlul temeperaturii de g\u0103tire. Conectarea la re\u021beaua electric\u0103 a plitei este realizat\u0103 printr-un cablu de \u00eenalt\u0103 calitate izolat termic. \u00cencadrarea arz\u0103toarelor este realizat\u0103 dintr-o foaie inoxidabil\u0103 rezistent\u0103 \u0219i solid\u0103. \u00a0Picioarele sunt regabile.<\/p>\n<p><strong>Suprafa\u021b\u0103 de lucru plat\u0103.<\/strong><br \/>\nDeplasarea convenabil\u0103 \u0219i u\u0219oar\u0103 a vaselor de g\u0103tit datorit\u0103 suprafe\u021bei plate continue a arz\u0103toarelor.<\/p>\n<p><strong>Tav\u0103.<\/strong><br \/>\nO tav\u0103 extensibil\u0103 este instalat\u0103 sub arz\u0103toare pentru a colecta produsele v\u0103rsate accidental.<\/p>\n<p><strong>Reglarea \u00een\u0103l\u021bimii arz\u0103torului.<\/strong><br \/>\nPicioarele arz\u0103torului sunt reglabile pe \u00een\u0103l\u021bime.<\/p>\n<p><strong>Serviciu convenabil.<\/strong><br \/>\nC\u0103ptu\u0219eala arz\u0103toarelor este realizat\u0103 dintr-o tabl\u0103 solid\u0103 de inox \u0219i nu are goluri.<\/p>\n<p>Caracteristici<br \/>\nTensiune: 380 V<br \/>\nPutere: 6 kW<br \/>\nNum\u0103r de arz\u0103toare: 2 buc<br \/>\nDimensiunile unui arz\u0103tor: 415&#215;295 mm<br \/>\nDimensiuni totale (LuxL\u0103x\u00cen): 560x700x850 mm<br \/>\nGreutate: 56 kg<br \/>\nDimensiuni \u00een ambalaj (LuxL\u0103x\u00cen): 590x750x890 mm<\/p>\n","protected":false},"excerpt":{"rendered":"<p>Plit\u0103 electric\u0103 profesional\u0103. Tensiune: 380 V; Putere: 6 kW; Num\u0103r de arz\u0103toare: 2 buc; Dimensiunile unui arz\u0103tor: 415&#215;295 mm; Dimensiuni totale (LuxL\u0103x\u00cen): 560x700x850 mm; Greutate: 56 kg; Dimensiuni \u00een ambalaj (LuxL\u0103x\u00cen): 590x750x890 mm.<\/p>\n","protected":false},"featured_media":42481,"template":"","meta":[],"_links":{"self":[{"href":"https:\/\/evotek.md\/ro\/wp-json\/wp\/v2\/product\/2377"}],"collection":[{"href":"https:\/\/evotek.md\/ro\/wp-json\/wp\/v2\/product"}],"about":[{"href":"https:\/\/evotek.md\/ro\/wp-json\/wp\/v2\/types\/product"}],"wp:featuredmedia":[{"embeddable":true,"href":"https:\/\/evotek.md\/ro\/wp-json\/wp\/v2\/media\/42481"}],"wp:attachment":[{"href":"https:\/\/evotek.md\/ro\/wp-json\/wp\/v2\/media?parent=2377"}],"curies":[{"name":"wp","href":"https:\/\/api.w.org\/{rel}","templated":true}]}}