{"id":23746,"date":"2021-06-28T12:26:18","date_gmt":"2021-06-28T12:26:18","guid":{"rendered":"https:\/\/evotek.md\/?post_type=product&#038;p=23746"},"modified":"2022-05-27T10:17:06","modified_gmt":"2022-05-27T10:17:06","slug":"cuptor-cu-abur-tip-o-611-b-%d0%bc%d0%be%d0%b4%d0%b5%d0%bb%d1%8c-2g0611iz-h14-0253-aa-5","status":"publish","type":"product","link":"https:\/\/evotek.md\/ro\/produse\/echipamente-termice\/cuptoare-cu-abur-2-teplovoe-oborudovanie\/cuptor-cu-abur-tip-o-611-b-%d0%bc%d0%be%d0%b4%d0%b5%d0%bb%d1%8c-2g0611iz-h14-0253-aa-5\/","title":{"rendered":"CUPTOR CU ABUR \/ Tip O 611 b"},"content":{"rendered":"<p><strong>CUPTOR CU ABUR \/ Tip O 611 b \u2013 <\/strong>\u00a0Acesta este unul dintre cele mai populare cuptoare cu abur Retigo Vision. Modelul 611 este ideal pentru capacit\u0103\u021bi de produc\u021bie de 51 p\u00e2n\u0103 la 150 de por\u021bii pe zi. Dimensiunile recipientelor GN 1\/1 gastronorm (530&#215;325 mm). O gam\u0103 larg\u0103 de accesorii poate fi achizi\u021bionat\u0103 pentru modelul 611 &#8211; diferite tipuri de suporturi din o\u021bel inoxidabil, hota Vision Vent etc. Modelul 611 poate fi instalat \u00eempreun\u0103 cu un alt cuptor sau regenerator (dulap de \u00eenc\u0103lzire). Sistemul de vaporizare func\u021bioneaz\u0103 pe principiul unui atomizor sau prin intermediul unui cazan.<\/p>\n<p>Caracteristici<br \/>\nCapacitate: 7 x GN 1\/1<br \/>\nCapacitate (la comand\u0103): 51 &#8211; 150<br \/>\nSpa\u021biu p \u00eentre rafturi: 65 mm<br \/>\nDimensiuni (WxHxD): 933x786x821 mm<br \/>\nGreutate: 127 kg<br \/>\nConsum total de energie p: 0,74 kW<br \/>\nCapacitate de \u00eenc\u0103lzire: 13 kW<br \/>\nProtec\u021bie siguran\u021b\u0103: 10 A<br \/>\nAlimentare: 1N~(2~)\/220-240V\/50-60\u0413\u0446<br \/>\nZgomot: p\u00e2n\u0103 la 70 dBA<br \/>\nIntrare \/ ie\u0219ire ap\u0103: G 3\/4 \u201d\/ 50 mm<br \/>\nTemperatura: 30 &#8211; 300 \u00b0C<\/p>\n","protected":false},"excerpt":{"rendered":"<p>Cuptor cu abur. Capacitate: 7x GN 1\/1; Capacitate (la comand\u0103): 51 &#8211; 150; Spa\u021biu p \u00eentre rafturi: 65 mm; Dimensiuni (WxHxD): 933x786x821 mm; Greutate: 127 kg; Consum total de energie p: 0,74 kW; Capacitate de \u00eenc\u0103lzire: 13 kW; Protec\u021bie siguran\u021b\u0103: 10 A; Alimentare: 1N~(2~)\/220-240V\/50-60\u0413\u0446; Zgomot: p\u00e2n\u0103 la 70 dBA; Intrare \/ ie\u0219ire ap\u0103: G 3\/4 \u201d\/ 50 mm; Temperatura: 30 &#8211; 300 \u00b0C.<\/p>\n","protected":false},"featured_media":23735,"template":"","meta":[],"_links":{"self":[{"href":"https:\/\/evotek.md\/ro\/wp-json\/wp\/v2\/product\/23746"}],"collection":[{"href":"https:\/\/evotek.md\/ro\/wp-json\/wp\/v2\/product"}],"about":[{"href":"https:\/\/evotek.md\/ro\/wp-json\/wp\/v2\/types\/product"}],"wp:featuredmedia":[{"embeddable":true,"href":"https:\/\/evotek.md\/ro\/wp-json\/wp\/v2\/media\/23735"}],"wp:attachment":[{"href":"https:\/\/evotek.md\/ro\/wp-json\/wp\/v2\/media?parent=23746"}],"curies":[{"name":"wp","href":"https:\/\/api.w.org\/{rel}","templated":true}]}}