{"id":23665,"date":"2021-06-25T11:04:59","date_gmt":"2021-06-25T11:04:59","guid":{"rendered":"https:\/\/evotek.md\/?post_type=product&#038;p=23665"},"modified":"2022-05-27T10:13:56","modified_gmt":"2022-05-27T10:13:56","slug":"cuptor-cu-abur-tip-o-2011-b-%d0%bc%d0%be%d0%b4%d0%b5%d0%bb%d1%8c-2e2011bz-h14-0562-ia-5","status":"publish","type":"product","link":"https:\/\/evotek.md\/ro\/produse\/echipamente-termice\/cuptoare-cu-abur-2-teplovoe-oborudovanie\/cuptor-cu-abur-tip-o-2011-b-%d0%bc%d0%be%d0%b4%d0%b5%d0%bb%d1%8c-2e2011bz-h14-0562-ia-5\/","title":{"rendered":"CUPTOR CU ABUR \/ Tip O 2011 b+"},"content":{"rendered":"<p><strong>CUPTOR CU ABUR \/ Tip O 2011 b+ \u2013 <\/strong>Cuptorul cu abur Retigo Vision 2011 este ideal pentru capacit\u0103\u021bi de produc\u021bie de 400 p\u00e2n\u0103 la 600 de por\u021bii pe zi. Dimensiunile recipientelor GN 1\/1 gastronorm (530&#215;325 mm). Echipamentul standard al acestui cuptor cu abur include un c\u0103rucior de \u00eenc\u0103rcare. O gam\u0103 larg\u0103 de accesorii pot fi achizi\u021bionate suplimentar pentru aceast\u0103 dimensiune standard &#8211; un c\u0103rucior de \u00eenc\u0103rcare de rezerv\u0103, echipamente pentru un sistem de distribu\u021bie pentru banchete etc. Sistemul de vaporizare func\u021bioneaz\u0103 pe principiul unui atomizor sau prin intermediul unui cazan.<\/p>\n<p>Caracteristici<br \/>\nEnergie: Electricitate<br \/>\nGenerator de abur: Cazan<br \/>\nCapacitate: 20x GN1 \/ 1<br \/>\nPerforman\u021b\u0103: 400-600<br \/>\nDistan\u021ba raftului: 63 mm<br \/>\nDimensiuni (WxHxD): 948x1804x834 mm<br \/>\nGreutate: 245 kg<br \/>\nConsum total de energie: 36,9 kW<br \/>\nCapacitate de \u00eenc\u0103lzire: 36 kW<br \/>\nConsumul de energie al generatorului de abur: 33 kW<br \/>\nProtec\u021bie siguran\u021b\u0103: 63 A<br \/>\nAlimentare: 3N ~ \/ 380-415V \/ 50-60 Hz<br \/>\nZgomot: p\u00e2n\u0103 la 70 dBA<br \/>\nIntrare \/ ie\u0219ire ap\u0103: G 3\/4 \u201d\/ 50 mm<br \/>\nTemperatura: 30 &#8211; 300 \u00b0C<\/p>\n","protected":false},"excerpt":{"rendered":"<p>Cuptor cu abur. Energie: Electricitate; Generator de abur: Cazan; Capacitate: 20x GN1 \/ 1; Performan\u021b\u0103: 400-600; Distan\u021ba raftului: 63 mm; Dimensiuni (WxHxD): 948x1804x834 mm; Greutate: 245 kg; Consum total de energie: 36,9 kW; Capacitate de \u00eenc\u0103lzire: 36 kW; Consumul de energie al generatorului de abur: 33 kW; Protec\u021bie siguran\u021b\u0103: 63 A; Alimentare: 3N ~ \/ 380-415V \/ 50-60 Hz; Zgomot: p\u00e2n\u0103 la 70 dBA; Intrare \/ ie\u0219ire ap\u0103: G 3\/4 \u201d\/ 50 mm; Temperatura: 30 &#8211; 300 \u00b0C.<\/p>\n","protected":false},"featured_media":23655,"template":"","meta":[],"_links":{"self":[{"href":"https:\/\/evotek.md\/ro\/wp-json\/wp\/v2\/product\/23665"}],"collection":[{"href":"https:\/\/evotek.md\/ro\/wp-json\/wp\/v2\/product"}],"about":[{"href":"https:\/\/evotek.md\/ro\/wp-json\/wp\/v2\/types\/product"}],"wp:featuredmedia":[{"embeddable":true,"href":"https:\/\/evotek.md\/ro\/wp-json\/wp\/v2\/media\/23655"}],"wp:attachment":[{"href":"https:\/\/evotek.md\/ro\/wp-json\/wp\/v2\/media?parent=23665"}],"curies":[{"name":"wp","href":"https:\/\/api.w.org\/{rel}","templated":true}]}}