{"id":23581,"date":"2021-06-23T11:07:12","date_gmt":"2021-06-23T11:08:51","guid":{"rendered":"https:\/\/evotek.md\/?post_type=product&#038;p=23581"},"modified":"2022-05-27T09:53:06","modified_gmt":"2022-05-27T09:53:06","slug":"cuptor-cu-abur-b-1221-b-%d0%bc%d0%be%d0%b4%d0%b5%d0%bb%d1%8c-2e1221ba-h14-0402-ia","status":"publish","type":"product","link":"https:\/\/evotek.md\/ro\/produse\/echipamente-termice\/cuptoare-cu-abur-2-teplovoe-oborudovanie\/cuptor-cu-abur-b-1221-b-%d0%bc%d0%be%d0%b4%d0%b5%d0%bb%d1%8c-2e1221ba-h14-0402-ia\/","title":{"rendered":"CENTRU CULINAR RETIGO \/ B 1221 b"},"content":{"rendered":"<p><strong>CENTRU CULINAR RETIGO \/ B 1221 b- <\/strong>Cuptorul cu abur Retigo Vision 1221 este ideal pentru capacit\u0103\u021bi de produc\u021bie de 400 p\u00e2n\u0103 la 600 de por\u021bii pe zi. Dimensiunile containerelor gastronorm GN 2\/1 (650&#215;530 mm) sau GN 1\/1 (530&#215;325 mm). Echipamentul standard al acestui cuptor include un c\u0103rucior de \u00eenc\u0103rcare. Pentru aceast\u0103 dimensiune, pute\u021bi achizi\u021biona suplimentar o gam\u0103 larg\u0103 de accesorii &#8211; un c\u0103rucior de \u00eenc\u0103rcare de rezerv\u0103, echipamente pentru un sistem de distribu\u021bie pentru banchete etc. Sistemul de vaporizare func\u021bioneaz\u0103 pe principiul unui atomizor sau prin intermediul unui cazan.<\/p>\n<p>Caracteristici<br \/>\nEnergie: Electricitate<br \/>\nGenerator de abur: Cazan<br \/>\nCapacitate: 12xGN2 \/ 1<br \/>\nCapacitate (la comand\u0103): 24xGN1 \/ 1<br \/>\nProductivitate: 400-600<br \/>\nDecalaj \u00eentre rafturi: 65 mm<br \/>\nDimensiuni (WxHxD): 1111x1343x961 mm<br \/>\nGreutate: 220 kg<br \/>\nConsum total de energie: 36,9 kW<br \/>\nCapacitate de \u00eenc\u0103lzire: 36 kW<br \/>\nConsumul de energie al generatorului de abur: 33 kW<br \/>\nProtec\u021bie siguran\u021b\u0103: 63 A<br \/>\nAlimentare: 3N ~ \/ 380-415V \/ 50-60 Hz<br \/>\nZgomot: p\u00e2n\u0103 la 70 dBA<br \/>\nIntrare \/ ie\u0219ire ap\u0103: G 3\/4 \u201d\/ 50 mm<br \/>\nTemperatura: 30 &#8211; 300 \u00b0C<\/p>\n","protected":false},"excerpt":{"rendered":"<p>Centrul culinar RETIGO. Energie: Electricitate; Generator de abur: Cazan; Capacitate: 12xGN2 \/ 1; Capacitate (la comand\u0103): 24xGN1 \/ 1; Productivitate: 400-600; Decalaj \u00eentre rafturi: 65 mm; Dimensiuni (WxHxD): 1111x1343x961 mm; Greutate: 220 kg; Consum total de energie: 36,9 kW; Capacitate de \u00eenc\u0103lzire: 36 kW; Consumul de energie al generatorului de abur: 33 kW; Protec\u021bie siguran\u021b\u0103: 63 A; Alimentare: 3N ~ \/ 380-415V \/ 50-60 Hz; Zgomot: p\u00e2n\u0103 la 70 dBA; Intrare \/ ie\u0219ire ap\u0103: G 3\/4 \u201d\/ 50 mm; Temperatura: 30 &#8211; 300 \u00b0C.<\/p>\n","protected":false},"featured_media":23571,"template":"","meta":[],"_links":{"self":[{"href":"https:\/\/evotek.md\/ro\/wp-json\/wp\/v2\/product\/23581"}],"collection":[{"href":"https:\/\/evotek.md\/ro\/wp-json\/wp\/v2\/product"}],"about":[{"href":"https:\/\/evotek.md\/ro\/wp-json\/wp\/v2\/types\/product"}],"wp:featuredmedia":[{"embeddable":true,"href":"https:\/\/evotek.md\/ro\/wp-json\/wp\/v2\/media\/23571"}],"wp:attachment":[{"href":"https:\/\/evotek.md\/ro\/wp-json\/wp\/v2\/media?parent=23581"}],"curies":[{"name":"wp","href":"https:\/\/api.w.org\/{rel}","templated":true}]}}