{"id":2357,"date":"2020-02-18T13:55:54","date_gmt":"2020-02-18T13:57:24","guid":{"rendered":"https:\/\/evotek.md\/?post_type=product&#038;p=2357"},"modified":"2023-03-06T13:28:28","modified_gmt":"2023-03-06T13:28:28","slug":"masa-frigorifica-stalgast-842029","status":"publish","type":"product","link":"https:\/\/evotek.md\/ro\/produse\/echipamente-frigorifice\/masa-frigider\/masa-frigorifica-stalgast-842029\/","title":{"rendered":"MASA FRIGORIFICA CU BORDUR LA PERETE, 2 USI, 257 LITRI -ST-842029"},"content":{"rendered":"<p><strong>MASA FRIGORIFICA CU BORDUR LA PERETE, 2 USI, 257 LITRI -ST-842029- <\/strong>\u00a0Mas\u0103 frigorific\u0103 cu 2 u\u0219i inferioare, carcasa \u0219i interiorul din inox. Masa are func\u021bia de dezghe\u021bare automat\u0103, controler electronic cu afi\u0219are de temperatur\u0103, evaporare automat\u0103 a condensului, circula\u021bie for\u021bat\u0103 a aerului, picioare reglabile, u\u0219\u0103 cu auto\u00e2nchidere cu blocare.<\/p>\n<p>Num\u0103rul de rafturi: 2<\/p>\n<p>Grosimea izol\u0103rii: 35 mm<\/p>\n<p>Starea temperaturii: +2 &#8230; + 8 \u00b0 \u0421<\/p>\n<p>Tensiune: 220 V<\/p>\n<p>Putere: 0,23 kW<\/p>\n<p>Dimensiuni: 900x700x880 mm<\/p>\n<p>&nbsp;<\/p>\n<p>&nbsp;<\/p>\n","protected":false},"excerpt":{"rendered":"<p>Mas\u0103 frigorific\u0103 cu dou\u0103 u\u0219i inferioare. Grosimea izol\u0103rii: 35 mm; Starea temperaturii: +2 &#8230; + 8 \u00b0 \u0421; Tensiune: 220 V; Putere: 0,23 kW; Dimensiuni: 900x700x880 mm<\/p>\n","protected":false},"featured_media":2351,"template":"","meta":[],"_links":{"self":[{"href":"https:\/\/evotek.md\/ro\/wp-json\/wp\/v2\/product\/2357"}],"collection":[{"href":"https:\/\/evotek.md\/ro\/wp-json\/wp\/v2\/product"}],"about":[{"href":"https:\/\/evotek.md\/ro\/wp-json\/wp\/v2\/types\/product"}],"wp:featuredmedia":[{"embeddable":true,"href":"https:\/\/evotek.md\/ro\/wp-json\/wp\/v2\/media\/2351"}],"wp:attachment":[{"href":"https:\/\/evotek.md\/ro\/wp-json\/wp\/v2\/media?parent=2357"}],"curies":[{"name":"wp","href":"https:\/\/api.w.org\/{rel}","templated":true}]}}