{"id":23568,"date":"2021-06-23T10:21:28","date_gmt":"2021-06-23T10:23:10","guid":{"rendered":"https:\/\/evotek.md\/?post_type=product&#038;p=23568"},"modified":"2022-05-27T09:56:04","modified_gmt":"2022-05-27T09:56:04","slug":"cuptor-cu-abur-tip-b-1021-i-%d0%bc%d0%be%d0%b4%d0%b5%d0%bb%d1%8c-2e1021ia-h14-0901-ia","status":"publish","type":"product","link":"https:\/\/evotek.md\/ro\/produse\/echipamente-termice\/cuptoare-cu-abur-2-teplovoe-oborudovanie\/cuptor-cu-abur-tip-b-1021-i-%d0%bc%d0%be%d0%b4%d0%b5%d0%bb%d1%8c-2e1021ia-h14-0901-ia\/","title":{"rendered":"CENTRU CULINAR RETIGO \/ Tip B 1021 I \u2013 (\u041c\u043e\u0434\u0435\u043b\u044c 2E1021IA) -H14-0901-IA"},"content":{"rendered":"<p><strong>CENTRU CULINAR RETIGO \/ Tip B 1021 I \u2013 (\u041c\u043e\u0434\u0435\u043b\u044c 2E1021IA) -H14-0901-IA<\/strong>&#8211; Tipul 1021 este ideal pentru capacit\u0103\u021bi de produc\u021bie de 300 p\u00e2n\u0103 la 500 de por\u021bii pe zi. Dimensiunile recipientelor GN 2\/1 gastronorm (650&#215;530 mm). O gam\u0103 larg\u0103 de accesorii pot fi achizi\u021bionate suplimentar pentru m\u0103rimea 1021 &#8211; diferite tipuri de suporturi din o\u021bel inoxidabil etc. Modelul 1021 poate fi instalat \u00een combina\u021bie cu un cuptor 621. Sistemul de vaporizare func\u021bioneaz\u0103 pe principiul unui spray \u0219i sursa de c\u0103ldur\u0103 este electric\u0103.<\/p>\n<p>Caracteristici<br \/>\nEnergie: Electricitate<br \/>\nGenerator de abur: Injector<br \/>\nCapacitate: 10xGN2 \/ 1<br \/>\nCapacitate (la comand\u0103): 20xGN1 \/ 1<br \/>\nProductivitate: 300-500<br \/>\nDecalaj \u00eentre rafturi: 73 mm<br \/>\nDimensiuni (WxHxD): 1121x1086x1018 mm<br \/>\nGreutate: 193 kg<br \/>\nConsum total de energie: 29,6 kW<br \/>\nCapacitate de \u00eenc\u0103lzire: 29 kW<br \/>\nProtec\u021bie siguran\u021b\u0103: 50 A<br \/>\nAlimentare: 3N ~ \/ 380-415V \/ 50-60 Hz<br \/>\nZgomot: p\u00e2n\u0103 la 70 dBA<br \/>\nIntrare \/ ie\u0219ire ap\u0103: G 3\/4 \u201d\/ 50 mm<br \/>\nTemperatura: 30 &#8211; 300 \u00b0C<\/p>\n","protected":false},"excerpt":{"rendered":"<p>Centrul culinar RETIGO. Energie: Electricitate; Generator de abur: Injector; Capacitate: 10xGN2 \/ 1; Capacitate (la comand\u0103): 20xGN1 \/ 1; Productivitate: 300-500; Decalaj \u00eentre rafturi: 73 mm; Dimensiuni (WxHxD): 1121x1086x1018 mm; Greutate: 193 kg; Consum total de energie: 29,6 kW; Capacitate de \u00eenc\u0103lzire: 29 kW; Protec\u021bie siguran\u021b\u0103: 50 A; Alimentare: 3N ~ \/ 380-415V \/ 50-60 Hz; Zgomot: p\u00e2n\u0103 la 70 dBA; Intrare \/ ie\u0219ire ap\u0103: G 3\/4 \u201d\/ 50 mm; Temperatura: 30 &#8211; 300 \u00b0C.<\/p>\n","protected":false},"featured_media":23555,"template":"","meta":[],"_links":{"self":[{"href":"https:\/\/evotek.md\/ro\/wp-json\/wp\/v2\/product\/23568"}],"collection":[{"href":"https:\/\/evotek.md\/ro\/wp-json\/wp\/v2\/product"}],"about":[{"href":"https:\/\/evotek.md\/ro\/wp-json\/wp\/v2\/types\/product"}],"wp:featuredmedia":[{"embeddable":true,"href":"https:\/\/evotek.md\/ro\/wp-json\/wp\/v2\/media\/23555"}],"wp:attachment":[{"href":"https:\/\/evotek.md\/ro\/wp-json\/wp\/v2\/media?parent=23568"}],"curies":[{"name":"wp","href":"https:\/\/api.w.org\/{rel}","templated":true}]}}