{"id":23477,"date":"2021-06-22T09:58:04","date_gmt":"2021-06-22T10:00:37","guid":{"rendered":"https:\/\/evotek.md\/?post_type=product&#038;p=23477"},"modified":"2022-05-27T10:01:20","modified_gmt":"2022-05-27T10:01:20","slug":"cuptor-cu-abur-tip-b-623-i-model-2e0623iz-h14-0101-ia","status":"publish","type":"product","link":"https:\/\/evotek.md\/ro\/produse\/echipamente-termice\/cuptoare-cu-abur-2-teplovoe-oborudovanie\/cuptor-cu-abur-tip-b-623-i-model-2e0623iz-h14-0101-ia\/","title":{"rendered":"CENTRU CULINAR RETIGO \/ Tip B 623 i"},"content":{"rendered":"<p><strong>CENTRU CULINAR RETIGO \/ Tip B 623 i \u2013<\/strong>\u00a0Cuptoarele cu abur Retigo Vision 623 sunt ideale pentru capacit\u0103\u021bi de produc\u021bie de p\u00e2n\u0103 la 50 de por\u021bii pe zi. Dimensiunile recipientelor GN 2\/3 gastronorm (354&#215;325 mm). Aceste cuptoare cu abur pot fi instalate pe un stand standard, consol\u0103 de perete sau direct pe o mas\u0103. Sistemul de vaporizare func\u021bioneaz\u0103 numai pe principiul pulveriz\u0103rii. Sursa de c\u0103ldur\u0103 este electric\u0103.<\/p>\n<p>Caracteristici<br \/>\nEnergie: Electricitate<br \/>\nGenerator de abur: Injector<br \/>\nCapacitate: 6xGN2 \/ 3<br \/>\nProductivitate: 30-50<br \/>\nDecalaj \u00eentre rafturi: 65 mm<br \/>\nDimensiuni (WxHxD): 683 x 602 x 586 mm<br \/>\nGreutate: 62 kg<br \/>\nConsum total de energie: 4,8 (3,2 *) kW<br \/>\nCapacitate de \u00eenc\u0103lzire: 5 (3,4 *) kW<br \/>\nProtec\u021bie siguran\u021b\u0103: 16 A<br \/>\nAlimentare: 3N ~ \/ 380-415V \/ 50-60 Hz<br \/>\nZgomot: p\u00e2n\u0103 la 70 dBA<br \/>\nIntrare \/ ie\u0219ire ap\u0103: G 3\/4 \u201d\/ 50 mm<br \/>\nTemperatura: 30 &#8211; 300 \u00b0C<\/p>\n","protected":false},"excerpt":{"rendered":"<p>Centrul culinar RETIGO. Energie: Electricitate; Generator de abur: Injector; Capacitate: 6xGN2 \/ 3; Productivitate: 30-50; Decalaj \u00eentre rafturi: 65 mm; Dimensiuni (WxHxD): 683 x 602 x 586 mm; Greutate: 62 kg; Consum total de energie: 4,8 (3,2 *) kW; Capacitate de \u00eenc\u0103lzire: 5 (3,4 *) kW; Protec\u021bie siguran\u021b\u0103: 16 A; Alimentare: 3N ~ \/ 380-415V \/ 50-60 Hz; Zgomot: p\u00e2n\u0103 la 70 dBA; Intrare \/ ie\u0219ire ap\u0103: G 3\/4 \u201d\/ 50 mm; Temperatura: 30 &#8211; 300 \u00b0C.<\/p>\n","protected":false},"featured_media":23474,"template":"","meta":[],"_links":{"self":[{"href":"https:\/\/evotek.md\/ro\/wp-json\/wp\/v2\/product\/23477"}],"collection":[{"href":"https:\/\/evotek.md\/ro\/wp-json\/wp\/v2\/product"}],"about":[{"href":"https:\/\/evotek.md\/ro\/wp-json\/wp\/v2\/types\/product"}],"wp:featuredmedia":[{"embeddable":true,"href":"https:\/\/evotek.md\/ro\/wp-json\/wp\/v2\/media\/23474"}],"wp:attachment":[{"href":"https:\/\/evotek.md\/ro\/wp-json\/wp\/v2\/media?parent=23477"}],"curies":[{"name":"wp","href":"https:\/\/api.w.org\/{rel}","templated":true}]}}