{"id":2342,"date":"2020-02-18T12:31:02","date_gmt":"2020-02-18T12:31:02","guid":{"rendered":"https:\/\/evotek.md\/?post_type=product&#038;p=2342"},"modified":"2020-02-18T12:31:05","modified_gmt":"2020-02-18T12:31:05","slug":"masina-de-intins-aluat-resto-spr30","status":"publish","type":"product","link":"https:\/\/evotek.md\/ro\/produse\/echipamente-electromecanice\/masina-pentru-indindere-aluat\/masina-de-intins-aluat-resto-spr30\/","title":{"rendered":"MA\u0218IN\u0102 DE \u00ceNTINS ALUAT &#8211; Resto SPR30"},"content":{"rendered":"<p><strong>MA\u0218IN\u0102 DE \u00ceNTINS ALUAT &#8211; Resto SPR30 <\/strong>\u2013 Ma\u0219ina de turat aluat Resto Italia este utilizat\u0103 la \u00eentreprinderile din industria alimentar\u0103, alimenta\u021bie public\u0103 \u0219i comer\u021b pentru rularea buc\u0103\u021bilor de aluat \u00eentr-un strat pentru a produce pizza, p\u00e2ine, pl\u0103cinte \u0219i alte produse. Carcasa este din inox.<\/p>\n<p>Facilit\u0103\u021bi: Reglarea grosimii rolurilor cu ajutorul unei p\u00e2rghii; Temperatura interioar\u0103 de p\u00e2n\u0103 la 40 \u00b0 C \u0219i umiditata aerului de 10 p\u00e2n\u0103 la 80%; Clasa de protec\u021bie: IPX1.<\/p>\n<p>Caracteristici:<\/p>\n<p>Tip: ma\u0219in\u0103 de turat aluat pentru pizza<\/p>\n<p>Instalare: de mas\u0103<\/p>\n<p>Grosime aluat: 1 p\u00e2n\u0103 la 4 mm<\/p>\n<p>Diametrul aluatului: de la 140 la 300 mm<\/p>\n<p>Greutatea aluatului: de la 0,08 la 0,21 kg<\/p>\n<p>Tensiune: 220 V<\/p>\n<p>Putere: 0,25 kW<\/p>\n<p>Dimensiuni (LxAx\u00ce): 440x365x640 mm<\/p>\n<p>Greutate: 27 kg<\/p>\n<p>Condi\u021bii de amplasare: de mas\u0103 cu o \u00een\u0103l\u021bime de 900 p\u00e2n\u0103 la 1000 mm de la podea, cu mi\u0219care liber\u0103 de la 800 mm<\/p>\n","protected":false},"excerpt":{"rendered":"<p>Ma\u0219in\u0103 de turat aluat pentru pizza. Instalare: de mas\u0103; Grosime aluat: 1 p\u00e2n\u0103 la 4 mm; Diametrul aluatului: de la 140 la 300 mm; Greutatea aluatului: de la 0,08 la 0,21 kg; Tensiune: 220 V; Putere: 0,25 kW; Dimensiuni (LxAx\u00ce): 440x365x640 mm; Greutate: 27 kg; Condi\u021bii de amplasare: de mas\u0103 cu o \u00een\u0103l\u021bime de 900 p\u00e2n\u0103 la 1000 mm de la podea, cu mi\u0219care liber\u0103 de la 800 mm.<\/p>\n","protected":false},"featured_media":2341,"template":"","meta":[],"_links":{"self":[{"href":"https:\/\/evotek.md\/ro\/wp-json\/wp\/v2\/product\/2342"}],"collection":[{"href":"https:\/\/evotek.md\/ro\/wp-json\/wp\/v2\/product"}],"about":[{"href":"https:\/\/evotek.md\/ro\/wp-json\/wp\/v2\/types\/product"}],"wp:featuredmedia":[{"embeddable":true,"href":"https:\/\/evotek.md\/ro\/wp-json\/wp\/v2\/media\/2341"}],"wp:attachment":[{"href":"https:\/\/evotek.md\/ro\/wp-json\/wp\/v2\/media?parent=2342"}],"curies":[{"name":"wp","href":"https:\/\/api.w.org\/{rel}","templated":true}]}}