{"id":23404,"date":"2021-06-18T10:49:44","date_gmt":"2021-06-18T10:50:31","guid":{"rendered":"https:\/\/evotek.md\/?post_type=product&#038;p=23404"},"modified":"2023-02-13T15:37:51","modified_gmt":"2023-02-13T15:37:51","slug":"suprafata-de-prajit-electrica-cromata-neteda-emp-7ie023-k","status":"publish","type":"product","link":"https:\/\/evotek.md\/ro\/produse\/echipamente-termice\/suprafete-de-prajire\/suprafata-de-prajit-electrica-cromata-neteda-emp-7ie023-k\/","title":{"rendered":"SUPRAFATA DE PRAJIT ELECTRICA, NETEDA, CROMATA -EMP.7IE023-K"},"content":{"rendered":"<p><strong>SUPRAFATA DE PRAJIT ELECTRICA, NETEDA, CROMATA -EMP.7IE023-K<\/strong>&#8211; utilizat \u00een alimenta\u021bie public\u0103 \u0219i fast-food pentru pr\u0103jirea c\u0103rnii, pe\u0219tilor \u0219i legumelor. Facilit\u0103\u021bi: control termostatic; Dou\u0103 zone de \u00eenc\u0103lzire separate; Cutie de colectare a gr\u0103similor amovibile; Carcasa este din inox.<\/p>\n<p>Caracteristici<br \/>\nDimensiuni: 1200x730x285 mm<br \/>\nGreutate: 100 kg<br \/>\nPutere: 21,3 kW<\/p>\n<p>&nbsp;<\/p>\n","protected":false},"excerpt":{"rendered":"<p>Suprafa\u021b\u0103 de pr\u0103jit electric\u0103, cromat\u0103, neted\u0103. Dimensiuni: 1200x730x285 mm; Greutate: 100 kg; Putere: 21,3 kW.<\/p>\n","protected":false},"featured_media":23397,"template":"","meta":[],"_links":{"self":[{"href":"https:\/\/evotek.md\/ro\/wp-json\/wp\/v2\/product\/23404"}],"collection":[{"href":"https:\/\/evotek.md\/ro\/wp-json\/wp\/v2\/product"}],"about":[{"href":"https:\/\/evotek.md\/ro\/wp-json\/wp\/v2\/types\/product"}],"wp:featuredmedia":[{"embeddable":true,"href":"https:\/\/evotek.md\/ro\/wp-json\/wp\/v2\/media\/23397"}],"wp:attachment":[{"href":"https:\/\/evotek.md\/ro\/wp-json\/wp\/v2\/media?parent=23404"}],"curies":[{"name":"wp","href":"https:\/\/api.w.org\/{rel}","templated":true}]}}