{"id":23376,"date":"2021-06-18T09:17:56","date_gmt":"2021-06-18T09:43:48","guid":{"rendered":"https:\/\/evotek.md\/?post_type=product&#038;p=23376"},"modified":"2023-02-13T12:53:31","modified_gmt":"2023-02-13T12:53:31","slug":"suprafata-de-prajit-electrica-neteda-emp-9ie020","status":"publish","type":"product","link":"https:\/\/evotek.md\/ro\/produse\/echipamente-termice\/suprafete-de-prajire\/suprafata-de-prajit-electrica-neteda-emp-9ie020\/","title":{"rendered":"SUPRAFTA DE PRAJIT ELECTRICA, NETEDA -EMP.9IE020"},"content":{"rendered":"<p><strong>SUPRAFTA DE PRAJIT ELECTRICA, NETEDA -EMP.9IE020-<\/strong> utilizat \u00een alimenta\u021bie public\u0103 \u0219i fast-food pentru pr\u0103jirea c\u0103rnii, pe\u0219tilor \u0219i legumelor. Facilit\u0103\u021bi: control termostatic; Dou\u0103 zone de \u00eenc\u0103lzire separate; Cutie de colectare a gr\u0103similor amovibile; Carcasa este din inox.<\/p>\n<p>Caracteristici<br \/>\nDimensiuni: 800x900x285 mm<br \/>\nGreutate: 106 kg<br \/>\nPutere: 12 kW<\/p>\n<p>&nbsp;<\/p>\n","protected":false},"excerpt":{"rendered":"<p>Suprafa\u021b\u0103 de pr\u0103jit electric\u0103, neted\u0103. Dimensiuni: 800x900x285 mm; Greutate: 106 kg; Putere: 12 kW.<\/p>\n","protected":false},"featured_media":23374,"template":"","meta":[],"_links":{"self":[{"href":"https:\/\/evotek.md\/ro\/wp-json\/wp\/v2\/product\/23376"}],"collection":[{"href":"https:\/\/evotek.md\/ro\/wp-json\/wp\/v2\/product"}],"about":[{"href":"https:\/\/evotek.md\/ro\/wp-json\/wp\/v2\/types\/product"}],"wp:featuredmedia":[{"embeddable":true,"href":"https:\/\/evotek.md\/ro\/wp-json\/wp\/v2\/media\/23374"}],"wp:attachment":[{"href":"https:\/\/evotek.md\/ro\/wp-json\/wp\/v2\/media?parent=23376"}],"curies":[{"name":"wp","href":"https:\/\/api.w.org\/{rel}","templated":true}]}}