{"id":23341,"date":"2021-06-17T15:13:28","date_gmt":"2021-06-18T07:42:43","guid":{"rendered":"https:\/\/evotek.md\/?post_type=product&#038;p=23341"},"modified":"2023-02-28T12:19:11","modified_gmt":"2023-02-28T12:19:11","slug":"toaster-pentru-4-toaste-hkn-tpt4","status":"publish","type":"product","link":"https:\/\/evotek.md\/ro\/produse\/echipamente-termice\/toastere\/toaster-pentru-4-toaste-hkn-tpt4\/","title":{"rendered":"TOASTER, 4 FELII -HKN-TPT4"},"content":{"rendered":"<p><strong>TOASTER, 4 FELII -HKN-TPT4-<\/strong> destinat \u00eenc\u0103lzirii \u0219i pr\u0103jirii feliilor de p\u00e2ine la unit\u0103\u021bile de catering \u0219i comer\u021b. Modelul este echipat cu un cronometru timp de 5 minute. Carcasa este fabricat\u0103 din inox.<br \/>\nCaracteristici<br \/>\n\u00cenc\u0103rcare: vertical\u0103<br \/>\nNum\u0103r de nivele: 1<br \/>\nCapacitate maxim\u0103: 4<br \/>\nTensiune: 220 V<br \/>\nPutere: 1,8 kW<br \/>\nParametri: 280x220x220 mm<br \/>\nGreutate: 4 kg<\/p>\n<p>&nbsp;<\/p>\n","protected":false},"excerpt":{"rendered":"<p>Toaster. \u00cenc\u0103rcare: vertical\u0103; Num\u0103r de nivele: 1; Capacitate maxim\u0103: 4; Tensiune: 220 V; Putere: 1,8 Kw; Parametri: 280x220x220 mm; Greutate: 4 kg.<\/p>\n","protected":false},"featured_media":23337,"template":"","meta":[],"_links":{"self":[{"href":"https:\/\/evotek.md\/ro\/wp-json\/wp\/v2\/product\/23341"}],"collection":[{"href":"https:\/\/evotek.md\/ro\/wp-json\/wp\/v2\/product"}],"about":[{"href":"https:\/\/evotek.md\/ro\/wp-json\/wp\/v2\/types\/product"}],"wp:featuredmedia":[{"embeddable":true,"href":"https:\/\/evotek.md\/ro\/wp-json\/wp\/v2\/media\/23337"}],"wp:attachment":[{"href":"https:\/\/evotek.md\/ro\/wp-json\/wp\/v2\/media?parent=23341"}],"curies":[{"name":"wp","href":"https:\/\/api.w.org\/{rel}","templated":true}]}}