{"id":2329,"date":"2020-02-18T10:59:38","date_gmt":"2020-02-18T12:39:25","guid":{"rendered":"https:\/\/evotek.md\/?post_type=product&#038;p=2329"},"modified":"2023-02-06T16:08:13","modified_gmt":"2023-02-06T16:08:13","slug":"masina-de-intins-aluat-mec-mod-sf-500-1000","status":"publish","type":"product","link":"https:\/\/evotek.md\/ro\/produse\/echipamente-electromecanice\/masina-pentru-indindere-aluat\/masina-de-intins-aluat-mec-mod-sf-500-1000\/","title":{"rendered":"MASINA DE INTINS ALUAT, DE PODEA 50 cm -MEC MOD.SF 500\/1000"},"content":{"rendered":"<p><strong>MASINA DE INTINS ALUAT, DE PODEA 50 cm -MEC MOD.SF 500\/1000-<\/strong> se folose\u0219te la \u00eentinderea aluatului de consistenta diferita pentru unit\u0103\u021bile de alimenta\u021bie public\u0103. Masina de \u00eentins aluat MEC MOD.SF 500\/1000 v\u0103 permite s\u0103 \u00eentinde\u021bi aluatul p\u00e2n\u0103 la o l\u0103\u021bime de 496 mm.<\/p>\n<p>Produc\u0103tor MEC, Italia<\/p>\n<p>Conectare \u2013 electric\u0103,<br \/>\nTensiune: \u00a0220 V\/ 380V<\/p>\n<p>Putere: 0,55 kW.<\/p>\n<p>Tip: conveier<\/p>\n<p>Destinat pentru paste, pentru produse de patisserie \u0219i foietaj<\/p>\n<p>Viteza de preparare a aluatului este de p\u00e2n\u0103 la 12,5 metri \/ minut.<\/p>\n<p>Lungimea inferioar\u0103 a rolei: 500 mm.<\/p>\n<p>Dimensiuni (mm): 2050x880x1280-h<\/p>\n<p>Greutate: 139 kg.<\/p>\n","protected":false},"excerpt":{"rendered":"<p>Masina de \u00eentins aluat pentru consistente diferite \u0219i foietaj. Dimensiune rulou: 1000&#215;488 mm. Grosime rulare: 0,1 &#8211; 34 mm. Tensiune: 220V \/ 380V. Putere: 0,55 kW. Dimensiuni (mm) 2050x880x1280h<\/p>\n","protected":false},"featured_media":2325,"template":"","meta":[],"_links":{"self":[{"href":"https:\/\/evotek.md\/ro\/wp-json\/wp\/v2\/product\/2329"}],"collection":[{"href":"https:\/\/evotek.md\/ro\/wp-json\/wp\/v2\/product"}],"about":[{"href":"https:\/\/evotek.md\/ro\/wp-json\/wp\/v2\/types\/product"}],"wp:featuredmedia":[{"embeddable":true,"href":"https:\/\/evotek.md\/ro\/wp-json\/wp\/v2\/media\/2325"}],"wp:attachment":[{"href":"https:\/\/evotek.md\/ro\/wp-json\/wp\/v2\/media?parent=2329"}],"curies":[{"name":"wp","href":"https:\/\/api.w.org\/{rel}","templated":true}]}}