{"id":23284,"date":"2021-06-17T10:07:26","date_gmt":"2021-06-17T10:08:35","guid":{"rendered":"https:\/\/evotek.md\/?post_type=product&#038;p=23284"},"modified":"2023-02-13T13:47:58","modified_gmt":"2023-02-13T13:47:58","slug":"suprafata-de-prajire-pe-gaz-neteda-emp-9ig020","status":"publish","type":"product","link":"https:\/\/evotek.md\/ro\/produse\/echipamente-termice\/suprafete-de-prajire\/suprafata-de-prajire-pe-gaz-neteda-emp-9ig020\/","title":{"rendered":"SUPRAFATA DE PRAJIT PE GAZ, NETEDA -EMP.9IG020"},"content":{"rendered":"<p><strong>SUPRAFATA DE PRAJIT PE GAZ, NETEDA -EMP.9IG020-<\/strong> utilizat\u0103 \u00een alimenta\u021bia public\u0103 \u0219i comer\u021b pentru performan\u021be ridicate. Distribuie uniform c\u0103ldura. Protec\u021bii de noroi deta\u0219abile din inox pe partea din spate \u0219i pe laturile suprafe\u021bei pentru o operare u\u0219oar\u0103. Are supape magnetice \u0219i valve de siguran\u021b\u0103. Controleaz\u0103 fiecare arz\u0103tor cu aprindere piezo. Au un recipient deta\u0219abil pentru ulei, sunt u\u0219or de cur\u0103\u021bat \u0219i igienice. Carcasa este din inox.<\/p>\n<p>Caracteristici<br \/>\nParametri: 800x900x285 mm<br \/>\nGreutate: 106 kg<br \/>\nPutere: 16,60 kW<\/p>\n<p>&nbsp;<\/p>\n","protected":false},"excerpt":{"rendered":"<p>Suprafa\u021ba de pr\u0103jit pe gaz- neted\u0103; Parametri: 800x900x285 mm; Greutate: 106 kg; Putere: 16,60 kW.<\/p>\n","protected":false},"featured_media":23283,"template":"","meta":[],"_links":{"self":[{"href":"https:\/\/evotek.md\/ro\/wp-json\/wp\/v2\/product\/23284"}],"collection":[{"href":"https:\/\/evotek.md\/ro\/wp-json\/wp\/v2\/product"}],"about":[{"href":"https:\/\/evotek.md\/ro\/wp-json\/wp\/v2\/types\/product"}],"wp:featuredmedia":[{"embeddable":true,"href":"https:\/\/evotek.md\/ro\/wp-json\/wp\/v2\/media\/23283"}],"wp:attachment":[{"href":"https:\/\/evotek.md\/ro\/wp-json\/wp\/v2\/media?parent=23284"}],"curies":[{"name":"wp","href":"https:\/\/api.w.org\/{rel}","templated":true}]}}