{"id":23257,"date":"2021-06-17T08:08:13","date_gmt":"2021-06-17T08:08:58","guid":{"rendered":"https:\/\/evotek.md\/?post_type=product&#038;p=23257"},"modified":"2023-02-13T14:33:35","modified_gmt":"2023-02-13T14:33:35","slug":"suprafata-de-prajit-electrica-neteda-emp-6ie030","status":"publish","type":"product","link":"https:\/\/evotek.md\/ro\/produse\/echipamente-termice\/suprafete-de-prajire\/suprafata-de-prajit-electrica-neteda-emp-6ie030\/","title":{"rendered":"SUPRAFATA DE PRAJIT ELECTRICA, NETEDA -EMP.6IE030"},"content":{"rendered":"<p><strong>SUPRAFATA DE PRAJIT ELECTRICA, NETEDA -EMP.6IE030<\/strong>&#8211; Folosit\u0103 \u00een alimenta\u021bia public\u0103. Facilit\u0103\u021bi: Control termostatic; Pe o plac\u0103 plat\u0103 exist\u0103 dou\u0103 zone pentru \u00eenc\u0103lzire; Recipient demontabil cu ulei; U\u0219or de cur\u0103\u021bat \u0219i igienic; Carcas\u0103 din inox.<\/p>\n<p>Caracteristici<br \/>\nParametri: 900x635x285 mm<br \/>\nGreutate: 74 kg<br \/>\nPutere: 10.8 kw<\/p>\n<p>&nbsp;<\/p>\n","protected":false},"excerpt":{"rendered":"<p>Suprafa\u021b\u0103 de pr\u0103jire electric\u0103- neted\u0103. Parametri: 900x635x285 mm; Greutate: 74 kg; Putere: 10.8 kw.<\/p>\n","protected":false},"featured_media":23256,"template":"","meta":[],"_links":{"self":[{"href":"https:\/\/evotek.md\/ro\/wp-json\/wp\/v2\/product\/23257"}],"collection":[{"href":"https:\/\/evotek.md\/ro\/wp-json\/wp\/v2\/product"}],"about":[{"href":"https:\/\/evotek.md\/ro\/wp-json\/wp\/v2\/types\/product"}],"wp:featuredmedia":[{"embeddable":true,"href":"https:\/\/evotek.md\/ro\/wp-json\/wp\/v2\/media\/23256"}],"wp:attachment":[{"href":"https:\/\/evotek.md\/ro\/wp-json\/wp\/v2\/media?parent=23257"}],"curies":[{"name":"wp","href":"https:\/\/api.w.org\/{rel}","templated":true}]}}