{"id":23252,"date":"2021-06-16T14:42:01","date_gmt":"2021-06-16T14:42:41","guid":{"rendered":"https:\/\/evotek.md\/?post_type=product&#038;p=23252"},"modified":"2023-02-13T14:53:56","modified_gmt":"2023-02-13T14:53:56","slug":"suprafata-de-prajit-electrica-netedariflata-cromata-emp-7ie022-k","status":"publish","type":"product","link":"https:\/\/evotek.md\/ro\/produse\/echipamente-termice\/suprafete-de-prajire\/suprafata-de-prajit-electrica-netedariflata-cromata-emp-7ie022-k\/","title":{"rendered":"SUPRAFATA DE PRAJIT ELECTRICA, NETEDA+RIFLATA, CROMATA -EMP.7IE022-K"},"content":{"rendered":"<p><strong>SUPRAFATA DE PRAJIT ELECTRICA, NETEDA+RIFLATA, CROMATA -EMP.7IE022-K-<\/strong> Folosit\u0103 \u00een alimenta\u021bia public\u0103. Facilit\u0103\u021bi: Control termostatic; Pe o plac\u0103 plat\u0103 exist\u0103 dou\u0103 zone pentru \u00eenc\u0103lzire; Recipient demontabil cu ulei; U\u0219or de cur\u0103\u021bat \u0219i igienic; Carcas\u0103 din inox.<\/p>\n<p>Caracteristici<br \/>\nParametri: 800x730x285 mm<br \/>\nGreutate: 70 kg<br \/>\nPutere: 7,2 kw<\/p>\n<p>&nbsp;<\/p>\n","protected":false},"excerpt":{"rendered":"<p>Suprafa\u021b\u0103 de pr\u0103jire electric\u0103- neted\u0103+riflat\u0103 cu plac\u0103 cromat\u0103. Parametri: 800x730x285 mm; Greutate: 70 kg; Putere: 7,2 kw.<\/p>\n","protected":false},"featured_media":41421,"template":"","meta":[],"_links":{"self":[{"href":"https:\/\/evotek.md\/ro\/wp-json\/wp\/v2\/product\/23252"}],"collection":[{"href":"https:\/\/evotek.md\/ro\/wp-json\/wp\/v2\/product"}],"about":[{"href":"https:\/\/evotek.md\/ro\/wp-json\/wp\/v2\/types\/product"}],"wp:featuredmedia":[{"embeddable":true,"href":"https:\/\/evotek.md\/ro\/wp-json\/wp\/v2\/media\/41421"}],"wp:attachment":[{"href":"https:\/\/evotek.md\/ro\/wp-json\/wp\/v2\/media?parent=23252"}],"curies":[{"name":"wp","href":"https:\/\/api.w.org\/{rel}","templated":true}]}}