{"id":23224,"date":"2021-06-15T13:58:29","date_gmt":"2021-06-15T14:17:08","guid":{"rendered":"https:\/\/evotek.md\/?post_type=product&#038;p=23224"},"modified":"2023-02-13T14:03:32","modified_gmt":"2023-02-13T14:03:32","slug":"suprafata-de-prajit-electrica-cromata-emp-6ie010-k","status":"publish","type":"product","link":"https:\/\/evotek.md\/ro\/produse\/echipamente-termice\/suprafete-de-prajire\/suprafata-de-prajit-electrica-cromata-emp-6ie010-k\/","title":{"rendered":"SUPRAFATA DE PRAJIT ELECTRICA, NETEDA, CROMATA -EMP.6IE010-K"},"content":{"rendered":"<p><strong>SUPRAFATA DE PRAJIT ELECTRICA, NETEDA, CROMATA -EMP.6IE010-K- <\/strong>Folosit \u00een alimenta\u021bia public\u0103. Facilit\u0103\u021bi: Control termostatic; Pe o plac\u0103 plat\u0103 exist\u0103 dou\u0103 zone pentru \u00eenc\u0103lzire; Recipient demontabil cu ulei; U\u0219or de cur\u0103\u021bat \u0219i igienic; Carcas\u0103 din inox.<\/p>\n<p>Caracteristici<\/p>\n<p>Parametri: 400x635x285 mm<br \/>\nGreutate: 45 kg<br \/>\nPutere: 3,6 kw<\/p>\n","protected":false},"excerpt":{"rendered":"<p>Suprafa\u021b\u0103 de pr\u0103jit- cromat\u0103; Parametri: 400x635x285 mm; Greutate: 45 kg; Putere: 3,6 kw.<\/p>\n","protected":false},"featured_media":13106,"template":"","meta":[],"_links":{"self":[{"href":"https:\/\/evotek.md\/ro\/wp-json\/wp\/v2\/product\/23224"}],"collection":[{"href":"https:\/\/evotek.md\/ro\/wp-json\/wp\/v2\/product"}],"about":[{"href":"https:\/\/evotek.md\/ro\/wp-json\/wp\/v2\/types\/product"}],"wp:featuredmedia":[{"embeddable":true,"href":"https:\/\/evotek.md\/ro\/wp-json\/wp\/v2\/media\/13106"}],"wp:attachment":[{"href":"https:\/\/evotek.md\/ro\/wp-json\/wp\/v2\/media?parent=23224"}],"curies":[{"name":"wp","href":"https:\/\/api.w.org\/{rel}","templated":true}]}}