{"id":23217,"date":"2021-06-15T13:31:58","date_gmt":"2021-06-15T13:40:12","guid":{"rendered":"https:\/\/evotek.md\/?post_type=product&#038;p=23217"},"modified":"2024-10-09T11:18:39","modified_gmt":"2024-10-09T11:18:39","slug":"suprafata-de-prajit-electrica-netedariflata-emp-pls-7ie032","status":"publish","type":"product","link":"https:\/\/evotek.md\/ro\/produse\/echipamente-termice\/suprafete-de-prajire\/suprafata-de-prajit-electrica-netedariflata-emp-pls-7ie032\/","title":{"rendered":"SUPRAFATA DE PRAJIT ELECTRICA, NETEDA+RIFLATA -EMP.PLS.7IE032"},"content":{"rendered":"<p><strong>SUPRAFATA DE PRAJIT ELECTRICA, NETEDA+RIFLATA -EMP.PLS.7IE032- <\/strong>Suprafa\u021ba de pr\u0103jit este folosit la \u00eentreprinderile de alimenta\u021bie public\u0103 \u0219i comer\u021b pentru pr\u0103jirea c\u0103rnii, pe\u0219tilor \u0219i a legumelor. Facilit\u0103\u021bi: control termostatic; Recipient de ulei amovibil; Igienic \u0219i u\u0219or de cur\u0103\u021bat; Carcas\u0103 din inox.<\/p>\n<p>Caracteristici<\/p>\n<p>Parametri: 1200x730x300 mm<br \/>\nGreutate: 127 kg<br \/>\nPutere: 10.8 kw<\/p>\n","protected":false},"excerpt":{"rendered":"<p>Suprafa\u021b\u0103 de pr\u0103jit neted\u0103+riflat\u0103. Parametri: 1200x730x300 mm; Greutate: 127 kg; Putere: 10.8 kw.<\/p>\n","protected":false},"featured_media":41427,"template":"","meta":[],"_links":{"self":[{"href":"https:\/\/evotek.md\/ro\/wp-json\/wp\/v2\/product\/23217"}],"collection":[{"href":"https:\/\/evotek.md\/ro\/wp-json\/wp\/v2\/product"}],"about":[{"href":"https:\/\/evotek.md\/ro\/wp-json\/wp\/v2\/types\/product"}],"wp:featuredmedia":[{"embeddable":true,"href":"https:\/\/evotek.md\/ro\/wp-json\/wp\/v2\/media\/41427"}],"wp:attachment":[{"href":"https:\/\/evotek.md\/ro\/wp-json\/wp\/v2\/media?parent=23217"}],"curies":[{"name":"wp","href":"https:\/\/api.w.org\/{rel}","templated":true}]}}