{"id":23212,"date":"2021-06-15T12:46:25","date_gmt":"2021-06-15T12:53:22","guid":{"rendered":"https:\/\/evotek.md\/?post_type=product&#038;p=23212"},"modified":"2023-05-09T08:53:43","modified_gmt":"2023-05-09T08:53:43","slug":"emp-pls-7ie022-k","status":"publish","type":"product","link":"https:\/\/evotek.md\/ro\/produse\/echipamente-termice\/suprafete-de-prajire\/emp-pls-7ie022-k\/","title":{"rendered":"SUPRAFATA DE PRAJIT ELECTRICA, NETEDA+RIFLATA -EMP.PLS.7IE022-K"},"content":{"rendered":"<p><strong>SUPRAFATA DE PRAJIT ELECTRICA, NETEDA+RIFLATA -EMP.PLS.7IE022-K-<\/strong> Suprafa\u021ba de pr\u0103jit este folosit la \u00eentreprinderile de alimenta\u021bie public\u0103 \u0219i comer\u021b pentru pr\u0103jirea c\u0103rnii, pe\u0219tilor \u0219i a legumelor. Facilit\u0103\u021bi: control termostatic; Recipient de ulei amovibil; Igienic \u0219i u\u0219or de cur\u0103\u021bat; Carcas\u0103 din inox.<\/p>\n<p>Caracteristici<\/p>\n<p>Parametri: 800x730x300 mm<br \/>\nNum\u0103rul de zone de \u00eenc\u0103lzire: 2<br \/>\nConexiune: electricitate<br \/>\nPutere: 8,4 kW<br \/>\nTensiune: 380 V<br \/>\nGreutate: 95 kg<\/p>\n","protected":false},"excerpt":{"rendered":"<p>Suprafa\u021b\u0103 de pr\u0103jire- neteda+riflat\u0103; Parametri: 800x730x300 mm; Greutate: 95 kg; Putere: 8,4 kw.<\/p>\n","protected":false},"featured_media":41425,"template":"","meta":[],"_links":{"self":[{"href":"https:\/\/evotek.md\/ro\/wp-json\/wp\/v2\/product\/23212"}],"collection":[{"href":"https:\/\/evotek.md\/ro\/wp-json\/wp\/v2\/product"}],"about":[{"href":"https:\/\/evotek.md\/ro\/wp-json\/wp\/v2\/types\/product"}],"wp:featuredmedia":[{"embeddable":true,"href":"https:\/\/evotek.md\/ro\/wp-json\/wp\/v2\/media\/41425"}],"wp:attachment":[{"href":"https:\/\/evotek.md\/ro\/wp-json\/wp\/v2\/media?parent=23212"}],"curies":[{"name":"wp","href":"https:\/\/api.w.org\/{rel}","templated":true}]}}