{"id":2321,"date":"2020-02-18T10:14:25","date_gmt":"2020-02-18T10:16:53","guid":{"rendered":"https:\/\/evotek.md\/?post_type=product&#038;p=2321"},"modified":"2023-02-06T15:55:24","modified_gmt":"2023-02-06T15:55:24","slug":"masina-de-intins-aluat-mec-sf-250x","status":"publish","type":"product","link":"https:\/\/evotek.md\/ro\/produse\/echipamente-electromecanice\/masina-pentru-indindere-aluat\/masina-de-intins-aluat-mec-sf-250x\/","title":{"rendered":"MASINA DE INTINS ALUAT 25 cm -MEC SF 250X"},"content":{"rendered":"<p><strong>MASINA DE INTINS ALUAT 25 cm -MEC SF 250X-<\/strong> Ma\u0219ina de turat aluat este folosit\u0103 la unit\u0103\u021bile de alimenta\u021bie public\u0103, \u00een brut\u0103rii \u0219i cofet\u0103rii pentru rularea aluatului \u0219i formarea buc\u0103\u021bilor de aluat destinate fabric\u0103rii de pizza, pr\u0103jituri plate \u0219i produse de panifica\u021bie. Carcasa este din inox \u0219i aluminiu, rulourile sunt din inox.<\/p>\n<p>Caracteristici: compartimente pentru \u00eenc\u0103rcarea semifabricatelor \u0219i desc\u0103rcarea form\u0103rii rulate; 2 r\u00e2nduri de rulouri.<\/p>\n<p>Caracteristici<\/p>\n<p>Tip: ma\u0219in\u0103 de turat aluat tradi\u021bional\u0103<\/p>\n<p>Instalare: de mas\u0103<\/p>\n<p>Aluat: dreptunghiular<\/p>\n<p>L\u0103\u021bimea aluatului: 250 mm<\/p>\n<p>Grosime aluatului: 0 p\u00e2n\u0103 la 7,5 mm<\/p>\n<p>Tensiune: 380 V<\/p>\n<p>Putere: 0,2 kW<\/p>\n<p>Dimensiuni (LxAx\u00ce): 480x350x400mm<\/p>\n<p>Greutate: 24 kg<\/p>\n<p>\u021aara de origine: Italia<\/p>\n<p>&nbsp;<\/p>\n","protected":false},"excerpt":{"rendered":"<p>Ma\u0219in\u0103 de turat aluat tradi\u021bional\u0103 cu dou\u0103 r\u00eenduri de rulouri. Tip: ma\u0219in\u0103 de turat aluat tradi\u021bional\u0103; Instalare: de mas\u0103; Aluat: dreptunghiular; L\u0103\u021bimea aluatului: 250 mm; Grosime aluatului: 0 p\u00e2n\u0103 la 7,5 mm; Tensiune: 380 V; Putere: 0,2 kW; Dimensiuni (LxAx\u00ce): 480x350x400mm; Greutate: 24 kg; \u021aara de origine: Italia.<\/p>\n","protected":false},"featured_media":2320,"template":"","meta":[],"_links":{"self":[{"href":"https:\/\/evotek.md\/ro\/wp-json\/wp\/v2\/product\/2321"}],"collection":[{"href":"https:\/\/evotek.md\/ro\/wp-json\/wp\/v2\/product"}],"about":[{"href":"https:\/\/evotek.md\/ro\/wp-json\/wp\/v2\/types\/product"}],"wp:featuredmedia":[{"embeddable":true,"href":"https:\/\/evotek.md\/ro\/wp-json\/wp\/v2\/media\/2320"}],"wp:attachment":[{"href":"https:\/\/evotek.md\/ro\/wp-json\/wp\/v2\/media?parent=2321"}],"curies":[{"name":"wp","href":"https:\/\/api.w.org\/{rel}","templated":true}]}}