{"id":23202,"date":"2021-06-15T11:16:03","date_gmt":"2021-06-15T11:52:42","guid":{"rendered":"https:\/\/evotek.md\/?post_type=product&#038;p=23202"},"modified":"2023-02-13T12:57:44","modified_gmt":"2023-02-13T12:57:44","slug":"suprafata-de-prajire-pe-gaz-netedariflata-emp-pls-7ig032","status":"publish","type":"product","link":"https:\/\/evotek.md\/ro\/produse\/echipamente-termice\/suprafete-de-prajire\/suprafata-de-prajire-pe-gaz-netedariflata-emp-pls-7ig032\/","title":{"rendered":"SUPRAFATA DE PRAJIT PE GAZ, NETEDA+RIFLATA -EMP.PLS.7IG032"},"content":{"rendered":"<p><strong>SUPRAFATA DE PRAJIT PE GAZ,<\/strong> <strong>NETEDA+RIFLATA<\/strong> &#8211;<strong>EMP.PLS.7IG032- <\/strong>Suprafa\u021ba de pr\u0103jit este folosit\u0103 la \u00eentreprinderile de alimenta\u021bie public\u0103 \u0219i comer\u021b pentru pr\u0103jirea c\u0103rnii, pe\u0219tilor \u0219i legumelor. Facilit\u0103\u021bi: Supape de siguran\u021b\u0103 magnetice \u0219i robinete; Arz\u0103tor piezo; Recipient de ulei amovibil; Igienic \u0219i u\u0219or de cur\u0103\u021bat; Carcas\u0103 din inox.<\/p>\n<p>Caracteristici<\/p>\n<p>Suprafa\u021b\u0103 neted\u0103+riflat\u0103<br \/>\nPutere: 21,3 kW<br \/>\nCutie deta\u0219abil\u0103 pentru colectarea gr\u0103similor<br \/>\nCorpul este fabricat din o\u021bel inoxidabil<br \/>\nDimensiuni: 1200x730x300 mm<br \/>\nGreutate: 127 kg<\/p>\n","protected":false},"excerpt":{"rendered":"<p>Suprafa\u021b\u0103 de pr\u0103jire pe gaz neted\u0103+riflat\u0103. Putere: 21,3 kW; Dimensiuni: 1200x730x300 mm; Greutate: 127 kg.<\/p>\n","protected":false},"featured_media":41427,"template":"","meta":[],"_links":{"self":[{"href":"https:\/\/evotek.md\/ro\/wp-json\/wp\/v2\/product\/23202"}],"collection":[{"href":"https:\/\/evotek.md\/ro\/wp-json\/wp\/v2\/product"}],"about":[{"href":"https:\/\/evotek.md\/ro\/wp-json\/wp\/v2\/types\/product"}],"wp:featuredmedia":[{"embeddable":true,"href":"https:\/\/evotek.md\/ro\/wp-json\/wp\/v2\/media\/41427"}],"wp:attachment":[{"href":"https:\/\/evotek.md\/ro\/wp-json\/wp\/v2\/media?parent=23202"}],"curies":[{"name":"wp","href":"https:\/\/api.w.org\/{rel}","templated":true}]}}