{"id":23188,"date":"2021-06-15T10:36:19","date_gmt":"2021-06-15T10:36:29","guid":{"rendered":"https:\/\/evotek.md\/?post_type=product&#038;p=23188"},"modified":"2023-02-13T12:57:34","modified_gmt":"2023-02-13T12:57:34","slug":"suprafata-de-prajire","status":"publish","type":"product","link":"https:\/\/evotek.md\/ro\/produse\/echipamente-termice\/suprafete-de-prajire\/suprafata-de-prajire\/","title":{"rendered":"SUPRAFATA DE PRAJIT PE GAZ,\u00a0NETEDA+RIFLATA\u00a0-EMP.PLS.7IG022"},"content":{"rendered":"<p><strong>SUPRAFATA DE PRAJIT PE GAZ,<\/strong> <strong>NETEDA+RIFLATA<\/strong> &#8211;<strong>EMP.PLS.7IG022- <\/strong>Suprafa\u021ba de pr\u0103jit este folosit la \u00eentreprinderile de alimenta\u021bie public\u0103 \u0219i comer\u021b pentru pr\u0103jirea c\u0103rnii, pe\u0219tilor \u0219i legumelor. Facilit\u0103\u021bi: Supape de siguran\u021b\u0103 magnetice \u0219i robinete pilot; Arz\u0103tor piezo; Recipient de ulei amovibil; Igienic \u0219i u\u0219or de cur\u0103\u021bat; Carcas\u0103 din inox.<\/p>\n<p>Caracteristici<\/p>\n<p>Executare: de mas\u0103<br \/>\nSuprafa\u021b\u0103: neted\u0103+riflat\u0103<br \/>\nParametri: 800x730x300 mm<br \/>\nNum\u0103rul de zone de \u00eenc\u0103lzire: 2<br \/>\nConexiune: gaz<br \/>\nPutere: 14,2 kW<br \/>\nTensiune: 220 V<br \/>\nGreutate: 92 kg<\/p>\n","protected":false},"excerpt":{"rendered":"<p>Suprafa\u021b\u0103 de pr\u0103jire pe gaz- neted\u0103+riflat\u0103; Parametri: 800x730x300 mm; Greutate: 92 kg; Putere: 14,20 kw.<\/p>\n","protected":false},"featured_media":41429,"template":"","meta":[],"_links":{"self":[{"href":"https:\/\/evotek.md\/ro\/wp-json\/wp\/v2\/product\/23188"}],"collection":[{"href":"https:\/\/evotek.md\/ro\/wp-json\/wp\/v2\/product"}],"about":[{"href":"https:\/\/evotek.md\/ro\/wp-json\/wp\/v2\/types\/product"}],"wp:featuredmedia":[{"embeddable":true,"href":"https:\/\/evotek.md\/ro\/wp-json\/wp\/v2\/media\/41429"}],"wp:attachment":[{"href":"https:\/\/evotek.md\/ro\/wp-json\/wp\/v2\/media?parent=23188"}],"curies":[{"name":"wp","href":"https:\/\/api.w.org\/{rel}","templated":true}]}}