{"id":23180,"date":"2021-06-10T09:10:32","date_gmt":"2021-06-10T09:11:45","guid":{"rendered":"https:\/\/evotek.md\/?post_type=product&#038;p=23180"},"modified":"2023-03-15T15:42:46","modified_gmt":"2023-03-15T15:42:46","slug":"polonic-din-inox-120-mm-st-323122","status":"publish","type":"product","link":"https:\/\/evotek.md\/ro\/produse\/accesorii-si-inventar-bucatarie\/inventar-pentru-servire-bucate\/polonic-din-inox-120-mm-st-323122\/","title":{"rendered":"POLONIC DIN INOX 120 mm, 450 ml -ST-323122-"},"content":{"rendered":"<p><strong>POLONIC DIN INOX 120 mm -ST-323122-<\/strong> Polonic profesional, realizat f\u0103r\u0103 suduri dintr-o singur\u0103 bucat\u0103 din inox. \u00cengrijire u\u0219oar\u0103 \u0219i cur\u0103\u021bare rapid\u0103. M\u00e2ner ergonomic cu o curb\u0103 special\u0103 pentru ag\u0103\u021barea convenabil\u0103 a acestuia.<\/p>\n<p>Caracteristici<br \/>\nDiametru: 120 mm<br \/>\nVolum: 450 ml<br \/>\nLungime: 420 mm<\/p>\n<p>&nbsp;<\/p>\n","protected":false},"excerpt":{"rendered":"<p>Polonic din inox. Diametru: 120 mm; Volum: 450 ml; Lungime: 420 mm.<\/p>\n","protected":false},"featured_media":23179,"template":"","meta":[],"_links":{"self":[{"href":"https:\/\/evotek.md\/ro\/wp-json\/wp\/v2\/product\/23180"}],"collection":[{"href":"https:\/\/evotek.md\/ro\/wp-json\/wp\/v2\/product"}],"about":[{"href":"https:\/\/evotek.md\/ro\/wp-json\/wp\/v2\/types\/product"}],"wp:featuredmedia":[{"embeddable":true,"href":"https:\/\/evotek.md\/ro\/wp-json\/wp\/v2\/media\/23179"}],"wp:attachment":[{"href":"https:\/\/evotek.md\/ro\/wp-json\/wp\/v2\/media?parent=23180"}],"curies":[{"name":"wp","href":"https:\/\/api.w.org\/{rel}","templated":true}]}}