{"id":23174,"date":"2021-06-10T08:55:11","date_gmt":"2021-06-10T08:56:17","guid":{"rendered":"https:\/\/evotek.md\/?post_type=product&#038;p=23174"},"modified":"2023-03-16T12:18:39","modified_gmt":"2023-03-16T12:18:39","slug":"tigaie-din-aluminiu-cu-acoperire-antiaderenta-o-240-%d0%bc%d0%bc-st-035240","status":"publish","type":"product","link":"https:\/\/evotek.md\/ro\/produse\/accesorii-si-inventar-bucatarie\/cratite-si-tigai\/tigaie-din-aluminiu-cu-acoperire-antiaderenta-o-240-%d0%bc%d0%bc-st-035240\/","title":{"rendered":"TIGAIE DIN ALUMINIU CU ACOPRIRE DIN TEFLON, \u00d8 240 \u043c\u043c -ST-035240-"},"content":{"rendered":"<p><strong>TIGAIE DIN ALUMINIU CU ACOPRIRE DIN TEFLON, \u00d8 240 \u043c\u043c -ST-035240-<\/strong> Tigaie antiaderenta acoperita cu teflon original. Stratul de teflon rezistent la zg\u00e2rieturi cu trei straturi previne lipirea. M\u00e2ner din o\u021bel epoxidat pentru rezisten\u021b\u0103 la temperaturi ridicate. Tigaia distribuie bine \u0219i rapid c\u0103ldura pe toat\u0103 suprafa\u021ba. Se poate pr\u0103ji cu pu\u021bin\u0103 gr\u0103sime. Potrivit pentru g\u0103tit pe o plit\u0103 cu induc\u021bie. Nu sp\u0103la\u021bi \u00een ma\u0219inile de sp\u0103lat vase.<\/p>\n<p>Caracteristici<br \/>\nDiametru: 240 mm<br \/>\nVolum: 2 l<br \/>\n\u00cen\u0103l\u021bime: 45 mm<\/p>\n<p>&nbsp;<\/p>\n","protected":false},"excerpt":{"rendered":"<p>Tigaie din aluminiu cu acomerire antiaderent\u0103, cu diametrul de 240 mm. Volum: 2 l; \u00cen\u0103l\u021bime: 45 mm.<\/p>\n","protected":false},"featured_media":23166,"template":"","meta":[],"_links":{"self":[{"href":"https:\/\/evotek.md\/ro\/wp-json\/wp\/v2\/product\/23174"}],"collection":[{"href":"https:\/\/evotek.md\/ro\/wp-json\/wp\/v2\/product"}],"about":[{"href":"https:\/\/evotek.md\/ro\/wp-json\/wp\/v2\/types\/product"}],"wp:featuredmedia":[{"embeddable":true,"href":"https:\/\/evotek.md\/ro\/wp-json\/wp\/v2\/media\/23166"}],"wp:attachment":[{"href":"https:\/\/evotek.md\/ro\/wp-json\/wp\/v2\/media?parent=23174"}],"curies":[{"name":"wp","href":"https:\/\/api.w.org\/{rel}","templated":true}]}}