{"id":23170,"date":"2021-06-10T08:36:51","date_gmt":"2021-06-10T08:37:40","guid":{"rendered":"https:\/\/evotek.md\/?post_type=product&#038;p=23170"},"modified":"2023-03-16T12:19:03","modified_gmt":"2023-03-16T12:19:03","slug":"tigaie-din-aluminiu-cu-acoperire-antiaderenta-o-200-%d0%bc%d0%bc-st-035200","status":"publish","type":"product","link":"https:\/\/evotek.md\/ro\/produse\/accesorii-si-inventar-bucatarie\/cratite-si-tigai\/tigaie-din-aluminiu-cu-acoperire-antiaderenta-o-200-%d0%bc%d0%bc-st-035200\/","title":{"rendered":"TIGAIE DIN ALUMINIU CU ACOPRIRE DIN TEFLON, \u00d8 200 \u043c\u043c -ST-035200"},"content":{"rendered":"<p><strong>TIGAIE DIN ALUMINIU CU ACOPRIRE DIN TEFLON, \u00d8 200 \u043c\u043c -ST-035200-<\/strong> Tigaie din aluminiu cu acoperire antiaderent\u0103. M\u00e2ner din o\u021bel epoxidat pentru rezisten\u021b\u0103 la temperaturi ridicate. Tigaia distribuie bine \u0219i rapid c\u0103ldura pe toat\u0103 suprafa\u021ba. Se poate pr\u0103ji cu pu\u021bin\u0103 gr\u0103sime. Potrivit pentru g\u0103tit pe o plit\u0103 cu induc\u021bie. Nu sp\u0103la\u021bi \u00een ma\u0219ina de sp\u0103lat vase.<\/p>\n<p>Caracteristici<br \/>\nDiametru: 200 mm<br \/>\nVolum: 0,8 l<br \/>\n\u00cen\u0103l\u021bime: 35 mm<\/p>\n<p>&nbsp;<\/p>\n","protected":false},"excerpt":{"rendered":"<p>Tigaie din aluminiu cu acomerire antiaderent\u0103, cu diametrul de 200 mm. Volum: 0,8 l; \u00cen\u0103l\u021bime: 35 mm.<\/p>\n","protected":false},"featured_media":23166,"template":"","meta":[],"_links":{"self":[{"href":"https:\/\/evotek.md\/ro\/wp-json\/wp\/v2\/product\/23170"}],"collection":[{"href":"https:\/\/evotek.md\/ro\/wp-json\/wp\/v2\/product"}],"about":[{"href":"https:\/\/evotek.md\/ro\/wp-json\/wp\/v2\/types\/product"}],"wp:featuredmedia":[{"embeddable":true,"href":"https:\/\/evotek.md\/ro\/wp-json\/wp\/v2\/media\/23166"}],"wp:attachment":[{"href":"https:\/\/evotek.md\/ro\/wp-json\/wp\/v2\/media?parent=23170"}],"curies":[{"name":"wp","href":"https:\/\/api.w.org\/{rel}","templated":true}]}}