{"id":23161,"date":"2021-06-09T07:29:10","date_gmt":"2021-06-09T07:35:20","guid":{"rendered":"https:\/\/evotek.md\/?post_type=product&#038;p=23161"},"modified":"2023-01-17T14:48:44","modified_gmt":"2023-01-17T14:48:44","slug":"plita-cu-inductie-2000-w-st-770201","status":"publish","type":"product","link":"https:\/\/evotek.md\/ro\/produse\/echipamente-termice\/plite-cu-inductie\/plita-cu-inductie-2000-w-st-770201\/","title":{"rendered":"PLITA CU INDUCTIE 1 ARZATOR -ST-770201"},"content":{"rendered":"<p><strong>PLITA CU INDUCTIE 1 ARZATOR -ST-770201-<\/strong> Plita cu induc\u021bie este o alegere buna pentru unit\u0103\u021bile de alimenta\u021bie mici \u0219i medii. Suprafa\u021ba plitei are un diametru de 190 mm, ce se va potrivi chiar \u0219i \u00een cea mai mic\u0103 buc\u0103t\u0103rie. Picioarele rezistente, antiderapante, protejeaz\u0103 dispozitivul de c\u0103dere \u0219i permit, de asemenea s\u0103 fie a\u0219ezat\u0103 pe orice blat de lucru. Gama de temperatur\u0103 a dispozitivului este \u00eentre 60\u00b0C &#8211; 240\u00b0C.<\/p>\n<p>Caracteristici<\/p>\n<p>Parametri: 298x360x65 mm<br \/>\nTensiune: 230 V<br \/>\nElectricitate: 2000 W<br \/>\nTemperatura minim\u0103: 60 \u00b0C<br \/>\nTemperatura: 240 \u00b0C<br \/>\nGreutate: 2,50 kg<\/p>\n","protected":false},"excerpt":{"rendered":"<p>Plit\u0103 cu induc\u021bie. Parametri: 298x360x65 mm; Tensiune: 230 V; Electricitate: 2000 W; Temperatura minim\u0103: 60 \u00b0C; Temperatura: 240 \u00b0C; Greutate: 2,50 kg.<\/p>\n","protected":false},"featured_media":23160,"template":"","meta":[],"_links":{"self":[{"href":"https:\/\/evotek.md\/ro\/wp-json\/wp\/v2\/product\/23161"}],"collection":[{"href":"https:\/\/evotek.md\/ro\/wp-json\/wp\/v2\/product"}],"about":[{"href":"https:\/\/evotek.md\/ro\/wp-json\/wp\/v2\/types\/product"}],"wp:featuredmedia":[{"embeddable":true,"href":"https:\/\/evotek.md\/ro\/wp-json\/wp\/v2\/media\/23160"}],"wp:attachment":[{"href":"https:\/\/evotek.md\/ro\/wp-json\/wp\/v2\/media?parent=23161"}],"curies":[{"name":"wp","href":"https:\/\/api.w.org\/{rel}","templated":true}]}}