{"id":23154,"date":"2021-06-02T08:40:37","date_gmt":"2021-06-02T08:42:20","guid":{"rendered":"https:\/\/evotek.md\/?post_type=product&#038;p=23154"},"modified":"2026-03-26T09:54:15","modified_gmt":"2026-03-26T09:54:15","slug":"masina-de-taiat-cartofi-pai-pd-01-viber","status":"publish","type":"product","link":"https:\/\/evotek.md\/ro\/produse\/echipamente-electromecanice\/feliatoare-legume-si-cutite-feliatoare\/feliatoare-legume\/masina-de-taiat-cartofi-pai-pd-01-viber\/","title":{"rendered":"APARAT MANUAL DE TAIAT CARTOFI PAI -PD.01 VIBER"},"content":{"rendered":"<p><strong>APARAT MANUAL DE TAIAT CARTOFI PAI -PD.01 VIBER-<\/strong> Ma\u0219ina este proiectat\u0103 pentru felierea (cartofi pai) \u0219i alte legume r\u0103d\u0103cinoase tari \u00een diferite tipuri de dimensiuni. Carcasa \u0219i m\u00e2nerul sunt fabricate din aluminiu. Unitate deta\u0219abil\u0103 cu lam\u0103. Suporturile inferioare v\u0103 permit s\u0103 fixa\u021bi dispozitivul pe o mas\u0103 sau pe un perete.<\/p>\n<p>Caracteristici<br \/>\nDimensiuni: 300x200x240<br \/>\nGreutate: 2,2 kg<br \/>\nDimensiune de t\u0103iere: 9&#215;9 mm<\/p>\n<p>&nbsp;<\/p>\n","protected":false},"excerpt":{"rendered":"<p>Ma\u0219in\u0103 de t\u0103iat cartofi pai. Dimensiuni: 300x200x240; Greutate: 2,2 kg; Dimensiune de t\u0103iere: 9&#215;9 mm<\/p>\n","protected":false},"featured_media":23153,"template":"","meta":[],"_links":{"self":[{"href":"https:\/\/evotek.md\/ro\/wp-json\/wp\/v2\/product\/23154"}],"collection":[{"href":"https:\/\/evotek.md\/ro\/wp-json\/wp\/v2\/product"}],"about":[{"href":"https:\/\/evotek.md\/ro\/wp-json\/wp\/v2\/types\/product"}],"wp:featuredmedia":[{"embeddable":true,"href":"https:\/\/evotek.md\/ro\/wp-json\/wp\/v2\/media\/23153"}],"wp:attachment":[{"href":"https:\/\/evotek.md\/ro\/wp-json\/wp\/v2\/media?parent=23154"}],"curies":[{"name":"wp","href":"https:\/\/api.w.org\/{rel}","templated":true}]}}