{"id":23148,"date":"2021-06-02T08:23:14","date_gmt":"2021-06-02T08:23:14","guid":{"rendered":"https:\/\/evotek.md\/?post_type=product&#038;p=23148"},"modified":"2021-06-02T08:23:14","modified_gmt":"2021-06-02T08:23:14","slug":"lava-grill-pe-gaz-70-%d1%81%d0%bc-ce-r70ce-l","status":"publish","type":"product","link":"https:\/\/evotek.md\/ro\/produse\/echipamente-termice\/grill-lava-2-2\/lava-grill-pe-gaz-70-%d1%81%d0%bc-ce-r70ce-l\/","title":{"rendered":"LAVA GRILL PE GAZ 70 \u0441\u043c CE -R70CE (L)-"},"content":{"rendered":"<p><strong>LAVA GRILL PE GAZ 70 \u0441\u043c CE -R70CE (L)-<\/strong> v\u0103 permite s\u0103 pr\u0103ji\u021bi, s\u0103 coace\u021bi.<br \/>\nPosibilitatea de a lucra cu gaze lichefiate sau naturale; Supap\u0103 de siguran\u021b\u0103 magnetic\u0103 \u0219i supape pilot; \u00cenc\u0103lzire \u00een dou\u0103 zone \u00een module complete; Grilajul este conceput pentru a preveni scurgerea de ulei pe lava\u0219; Recipientul pentru ulei este un sertar.<\/p>\n<p>Caracteristici<br \/>\nDimensiuni produs: 705x570x285mm<br \/>\nDimensiuni plit\u0103: 700&#215;370 mm<br \/>\nGreutate: 20 kg.<br \/>\nPuterea total\u0103 pe gaz (QN): 5,8 kW<br \/>\nConsum total (V) G20 (gaz natural): 0,61 m\u00b3 \/ h<br \/>\nDebit total (V) G30 (butelie de gaz): 0,45 m\u00b3 \/ h<br \/>\nVentila\u021bie: 17 m\u00b3 \/ h<br \/>\nPresiunea de lucru a gazului natural: 20 mbar<br \/>\nGPL (\u021beav\u0103) Presiune de lucru: 30-50 mbar<\/p>\n<p>&nbsp;<\/p>\n","protected":false},"excerpt":{"rendered":"<p>Lava grill pe gaz. Dimensiuni produs: 705x570x285mm; Dimensiuni plit\u0103: 700&#215;370 mm; Greutate: 20 kg; Puterea total\u0103 pe gaz (QN): 5,8 Kw; Consum total (V) G20 (gaz natural): 0,61 m\u00b3 \/ h; Debit total (V) G30 (butelie de gaz): 0,45 m\u00b3 \/ h; Ventila\u021bie: 17 m\u00b3 \/ h; Presiunea de lucru a gazului natural: 20 mbar; GPL (\u021beav\u0103) Presiune de lucru: 30-50 mbar.<\/p>\n","protected":false},"featured_media":23147,"template":"","meta":[],"_links":{"self":[{"href":"https:\/\/evotek.md\/ro\/wp-json\/wp\/v2\/product\/23148"}],"collection":[{"href":"https:\/\/evotek.md\/ro\/wp-json\/wp\/v2\/product"}],"about":[{"href":"https:\/\/evotek.md\/ro\/wp-json\/wp\/v2\/types\/product"}],"wp:featuredmedia":[{"embeddable":true,"href":"https:\/\/evotek.md\/ro\/wp-json\/wp\/v2\/media\/23147"}],"wp:attachment":[{"href":"https:\/\/evotek.md\/ro\/wp-json\/wp\/v2\/media?parent=23148"}],"curies":[{"name":"wp","href":"https:\/\/api.w.org\/{rel}","templated":true}]}}