{"id":23133,"date":"2021-05-31T12:57:50","date_gmt":"2021-05-31T12:58:28","guid":{"rendered":"https:\/\/evotek.md\/?post_type=product&#038;p=23133"},"modified":"2023-03-21T09:29:00","modified_gmt":"2023-03-21T09:29:00","slug":"r87%d1%82","status":"publish","type":"product","link":"https:\/\/evotek.md\/ro\/produse\/echipamente-termice\/suprafete-de-prajire\/r87%d1%82\/","title":{"rendered":"GRILL CONTACT ELECTRIC, DUBLU, NETED+RIFLAT -R87(\u0422)"},"content":{"rendered":"<p><strong>GRILL CONTACT ELECTRIC, DUBLU, NETED+RIFLAT -R87(\u0422)-<\/strong> Datorit\u0103 capacului mobil, aparatul poate fi folosit ca suprafa\u021b\u0103 de pr\u0103jire \u0219i grill pentru diverse scopuri. Facilit\u0103\u021bi: De tip industrial; Ofer\u0103 performan\u021be maxime cu utilizare frecvent\u0103; Carcas\u0103 din inox; Termostat importat automat; Ofer\u0103 economii de energie prin \u00eenc\u0103lzire rapid\u0103.<\/p>\n<p>Caracteristici<br \/>\nDimensiuni: 480x480x300 mm<br \/>\nDimensiunea suprafe\u021bei de lucru: 45&#215;39 cm<br \/>\nGreutate: 32 kg<br \/>\nPutere: 3250 W<\/p>\n<p>&nbsp;<\/p>\n","protected":false},"excerpt":{"rendered":"<p>Gril contact \u0219i suprafa\u021b\u0103 de pr\u0103jire electric\u0103. Dimensiuni: 480x480x300 mm; Dimensiunea suprafe\u021bei de lucru: 45&#215;39 cm; Greutate: 32 kg; Putere: 3250 W.<\/p>\n","protected":false},"featured_media":23132,"template":"","meta":[],"_links":{"self":[{"href":"https:\/\/evotek.md\/ro\/wp-json\/wp\/v2\/product\/23133"}],"collection":[{"href":"https:\/\/evotek.md\/ro\/wp-json\/wp\/v2\/product"}],"about":[{"href":"https:\/\/evotek.md\/ro\/wp-json\/wp\/v2\/types\/product"}],"wp:featuredmedia":[{"embeddable":true,"href":"https:\/\/evotek.md\/ro\/wp-json\/wp\/v2\/media\/23132"}],"wp:attachment":[{"href":"https:\/\/evotek.md\/ro\/wp-json\/wp\/v2\/media?parent=23133"}],"curies":[{"name":"wp","href":"https:\/\/api.w.org\/{rel}","templated":true}]}}