{"id":23128,"date":"2021-05-31T12:18:04","date_gmt":"2021-05-31T12:18:45","guid":{"rendered":"https:\/\/evotek.md\/?post_type=product&#038;p=23128"},"modified":"2023-03-01T13:57:22","modified_gmt":"2023-03-01T13:57:22","slug":"friteuza-electrica-8-l-r101","status":"publish","type":"product","link":"https:\/\/evotek.md\/ro\/produse\/echipamente-pentru-fast-food\/friteuze-2\/friteuza-electrica-8-l-r101\/","title":{"rendered":"FRITEUZA ELECTRICA, 5 LITRI -REMTA-R91"},"content":{"rendered":"<p><strong>FRITEUZA ELECTRICA, 5 LITRI -REMTA-R91-<\/strong> Friteuza este utilizat\u0103 \u00een unit\u0103\u021bile de servicii alimentare \u0219i comerciale pentru prepararea unei game largi de bucate \u00een cantit\u0103\u021bi mari de ulei sau gr\u0103simi. Facilit\u0103\u021bi: Potrivit pentru izolare profesional\u0103; Termostat de precizie de precizie; Exist\u0103, de asemenea, un al doilea termostat pentru securitatea la incendiu; O\u021bel gastron; Rezervor de ulei deta\u0219abil din o\u021bel; Cos cu manere detasabile; Corup\u021bia este inevitabil\u0103; Capac de o\u021bel.<\/p>\n<p>Caracteristici<br \/>\nDimensiuni: 310x520x320\u00a0mm<br \/>\nGreutate: 5 kg<br \/>\nCapacitate: 5 L<br \/>\nPutere: 2750\u00a0W<\/p>\n<p>&nbsp;<\/p>\n","protected":false},"excerpt":{"rendered":"<p>Friteuza electrica la 5 litri. Dimensiuni produs: 310x520x320\u00a0mm; Greutate: 5 kg; Capacitate: 5 L; Putere: 2750\u00a0W.<\/p>\n","protected":false},"featured_media":23895,"template":"","meta":[],"_links":{"self":[{"href":"https:\/\/evotek.md\/ro\/wp-json\/wp\/v2\/product\/23128"}],"collection":[{"href":"https:\/\/evotek.md\/ro\/wp-json\/wp\/v2\/product"}],"about":[{"href":"https:\/\/evotek.md\/ro\/wp-json\/wp\/v2\/types\/product"}],"wp:featuredmedia":[{"embeddable":true,"href":"https:\/\/evotek.md\/ro\/wp-json\/wp\/v2\/media\/23895"}],"wp:attachment":[{"href":"https:\/\/evotek.md\/ro\/wp-json\/wp\/v2\/media?parent=23128"}],"curies":[{"name":"wp","href":"https:\/\/api.w.org\/{rel}","templated":true}]}}