{"id":23123,"date":"2021-05-31T11:34:34","date_gmt":"2021-05-31T11:35:20","guid":{"rendered":"https:\/\/evotek.md\/?post_type=product&#038;p=23123"},"modified":"2023-03-01T15:16:46","modified_gmt":"2023-03-01T15:16:46","slug":"aparat-pentru-kebab-pe-gaz-d06-%d0%bc","status":"publish","type":"product","link":"https:\/\/evotek.md\/ro\/produse\/echipamente-termice\/aparat-pentru-kebab\/aparat-pentru-kebab-pe-gaz-d06-%d0%bc\/","title":{"rendered":"APARAT PE GAZ PENTRU KEBAB, 30 kg -REMTA-D06\u041c"},"content":{"rendered":"<p><strong>APARAT PE GAZ PENTRU KEBAB, 30 kg -REMTA-D06\u041c-<\/strong> Dispozitivul pentru kebab este conceput pentru pr\u0103jirea unui num\u0103r mare de diferite tipuri de carne pentru preg\u0103tirea umpluturilor pentru shawarma, doner \u0219i alte feluri de m\u00e2ncare din alimenta\u021bia public\u0103 \u0219i comer\u021b. Ac reglabil. Carcasa este fabricat\u0103 din inox.<br \/>\nCaracteristici<br \/>\nDimensiuni: 470x640x1180mm<br \/>\nGreutate: 22,5 kg<br \/>\nCapacitate: 30 kg<br \/>\nPuterea total\u0103 pe gaz (QN): 9,75 kW<br \/>\nConsum total (V) G20 (gaz natural): 1,03 m\u00b3 \/ or\u0103<br \/>\nDebit total (V) G30 (cilindru GPL): 0,76 m\u00b3 \/ h<br \/>\nVentila\u021bie: 28 m\u00b3 \/ h<br \/>\nPresiunea de lucru a gazului natural: 20 mbar<br \/>\nGPL (\u021beav\u0103) Presiune de lucru: 30-50 mbar<\/p>\n<p>&nbsp;<\/p>\n","protected":false},"excerpt":{"rendered":"<p>Aparat pentru kebab pe gaz 30 kg. Dimensiuni: 470x640x1180mm; Greutate: 22,5 kg; Capacitate: 30 kg; Puterea total\u0103 pe gaz (QN): 9,75 kW; Consum total (V) G20 (gaz natural): 1,03 m\u00b3 \/ or\u0103; Debit total (V) G30 (cilindru GPL): 0,76 m\u00b3 \/ h; Ventila\u021bie: 28 m\u00b3 \/ h; Presiunea de lucru a gazului natural: 20 mbar; GPL (\u021beav\u0103) Presiune de lucru: 30-50 mbar.<\/p>\n","protected":false},"featured_media":23122,"template":"","meta":[],"_links":{"self":[{"href":"https:\/\/evotek.md\/ro\/wp-json\/wp\/v2\/product\/23123"}],"collection":[{"href":"https:\/\/evotek.md\/ro\/wp-json\/wp\/v2\/product"}],"about":[{"href":"https:\/\/evotek.md\/ro\/wp-json\/wp\/v2\/types\/product"}],"wp:featuredmedia":[{"embeddable":true,"href":"https:\/\/evotek.md\/ro\/wp-json\/wp\/v2\/media\/23122"}],"wp:attachment":[{"href":"https:\/\/evotek.md\/ro\/wp-json\/wp\/v2\/media?parent=23123"}],"curies":[{"name":"wp","href":"https:\/\/api.w.org\/{rel}","templated":true}]}}