{"id":23118,"date":"2021-05-31T11:16:49","date_gmt":"2021-05-31T11:17:30","guid":{"rendered":"https:\/\/evotek.md\/?post_type=product&#038;p=23118"},"modified":"2023-04-18T10:29:49","modified_gmt":"2023-04-18T10:29:49","slug":"crepiera-pentru-clatite-remta-kr5","status":"publish","type":"product","link":"https:\/\/evotek.md\/ro\/produse\/echipamente-pentru-fast-food\/crepiere\/crepiera-pentru-clatite-remta-kr5\/","title":{"rendered":"APARAT ELECTRIC PENTRU CLATITE -REMTA-KR5"},"content":{"rendered":"<p><strong>APARAT ELECTRIC PENTRU CLATITE -REMTA-KR5-<\/strong> folosit\u0103 pentru pr\u0103jirea cl\u0103titelor rotunde. Materialul carcasei este din inox. Suprafa\u021b\u0103 de lucru: font\u0103 cu strat de teflon. Indicatoare cu lumin\u0103 care arat\u0103 conectarea dispozitivului la re\u021bea \u0219i procesul de \u00eenc\u0103lzire.<\/p>\n<p>Caracteristici<br \/>\nDiametrul suprafe\u021bei de pr\u0103jire: 400 mm<br \/>\nDomeniu de control al temperaturii: 50 &#8211; 300 \u0421<br \/>\nPutere: 2,5 kW<br \/>\nDimensiuni: 450x500x205 mm<br \/>\nGreutate: 10 kg<\/p>\n<p>&nbsp;<\/p>\n","protected":false},"excerpt":{"rendered":"<p>Ma\u0219in\u0103 electric\u0103 pentru coacerea cl\u0103titelor cu diametrul suprafe\u021bei de lucru. 400 mm. Domeniu de control al temperaturii: 50 &#8211; 300 \u0421; Putere: 2,5 kW; Dimensiuni: 450x500x205 mm; Greutate: 10 kg.<\/p>\n","protected":false},"featured_media":23117,"template":"","meta":[],"_links":{"self":[{"href":"https:\/\/evotek.md\/ro\/wp-json\/wp\/v2\/product\/23118"}],"collection":[{"href":"https:\/\/evotek.md\/ro\/wp-json\/wp\/v2\/product"}],"about":[{"href":"https:\/\/evotek.md\/ro\/wp-json\/wp\/v2\/types\/product"}],"wp:featuredmedia":[{"embeddable":true,"href":"https:\/\/evotek.md\/ro\/wp-json\/wp\/v2\/media\/23117"}],"wp:attachment":[{"href":"https:\/\/evotek.md\/ro\/wp-json\/wp\/v2\/media?parent=23118"}],"curies":[{"name":"wp","href":"https:\/\/api.w.org\/{rel}","templated":true}]}}