{"id":23112,"date":"2021-05-31T10:55:43","date_gmt":"2021-05-31T10:56:23","guid":{"rendered":"https:\/\/evotek.md\/?post_type=product&#038;p=23112"},"modified":"2023-02-21T09:38:44","modified_gmt":"2023-02-21T09:38:44","slug":"suprafata-de-prajit-pe-gaz-r70-ce-remta","status":"publish","type":"product","link":"https:\/\/evotek.md\/ro\/produse\/echipamente-termice\/suprafete-de-prajire\/suprafata-de-prajit-pe-gaz-r70-ce-remta\/","title":{"rendered":"SUPRAFATA DE PRAJIT PE GAZ, NETEDA+RIFLATA, DIN FONTA -REMTA-R70 CEDZ"},"content":{"rendered":"<p><strong>SUPRAFATA DE PRAJIT PE GAZ, NETEDA+RIFLATA, DIN FONTA -REMTA-R70 CEDZ-<\/strong> Carcasa este fabricat\u0103 din inox.<br \/>\nMaterialul suprafe\u021bei de lucru din font\u0103. Sistem automat de oprire a incendiului. Reglementarea aliment\u0103rii cu gaz. Colector de gr\u0103simi deta\u0219abil pentru ulei.<\/p>\n<p>Caracteristici<br \/>\nTipul suprafe\u021bei: combinat riflat \/ neted<br \/>\nDimensiunea suprafe\u021bei de lucru: 650&#215;380 mm<br \/>\nPutere: 5,8 kW<br \/>\nDimensiuni: 700x510x220 mm<br \/>\nGreutate: 36 kg<\/p>\n<p>&nbsp;<\/p>\n","protected":false},"excerpt":{"rendered":"<p>Suprafa\u021b\u0103 de pr\u0103jit pe gaz combinat\u0103, riflat\/neted. Dimensiunea suprafe\u021bei de lucru: 650&#215;380 mm; Putere: 5,8 kW; Dimensiuni: 700x510x220 mm; Greutate: 36 kg.<\/p>\n","protected":false},"featured_media":23111,"template":"","meta":[],"_links":{"self":[{"href":"https:\/\/evotek.md\/ro\/wp-json\/wp\/v2\/product\/23112"}],"collection":[{"href":"https:\/\/evotek.md\/ro\/wp-json\/wp\/v2\/product"}],"about":[{"href":"https:\/\/evotek.md\/ro\/wp-json\/wp\/v2\/types\/product"}],"wp:featuredmedia":[{"embeddable":true,"href":"https:\/\/evotek.md\/ro\/wp-json\/wp\/v2\/media\/23111"}],"wp:attachment":[{"href":"https:\/\/evotek.md\/ro\/wp-json\/wp\/v2\/media?parent=23112"}],"curies":[{"name":"wp","href":"https:\/\/api.w.org\/{rel}","templated":true}]}}