{"id":23100,"date":"2021-05-31T09:52:07","date_gmt":"2021-05-31T09:52:39","guid":{"rendered":"https:\/\/evotek.md\/?post_type=product&#038;p=23100"},"modified":"2023-02-22T10:58:19","modified_gmt":"2023-02-22T10:58:19","slug":"fierbator-electric-15-l-remta-r35","status":"publish","type":"product","link":"https:\/\/evotek.md\/ro\/produse\/echipamente-pentru-bar-si-cafea\/fierbator-2-echipamente-pentru-bar-si-cafea\/fierbator-electric-15-l-remta-r35\/","title":{"rendered":"FIERBATOR ELECTRIC, 15 LITRI -REMTA R35"},"content":{"rendered":"<p><strong>FIERBATOR ELECTRIC, 15 LITRI -REMTA R35-<\/strong> Fierb\u0103tor electric cu un robinet. Proiectat pentru a \u00eenc\u0103lzi apa \u0219i pentru a men\u021bine ulterior temperatura setat\u0103, acesta este un fierb\u0103tor electric, \u00een care pute\u021bi \u00eenc\u0103lzi p\u00e2n\u0103 la 15 litri de ap\u0103. Carcasa \u0219i capacul sunt din inox. Un indicator extern arat\u0103 c\u00e2t de plin este acesta, iar m\u00e2nerele v\u0103 vor ajuta \u00eentr-o utilizare u\u0219oar\u0103. Fierb\u0103torul este echipat cu co\u0219uri pentru prepararea cafelei \u0219i ceaiului, de asemenea, din o\u021bel inoxidabil.<\/p>\n<p>Dimensiuni: 325x320x470 mm<br \/>\nGreutate: 3,5 kg<br \/>\nCapacitate: 15 L<br \/>\nPutere: 2000 W<\/p>\n<p>&nbsp;<\/p>\n","protected":false},"excerpt":{"rendered":"<p>Fierb\u0103tor electric cu un robinet, cu un volum de 15 litri. Dimensiuni produs: 325x320x470 mm; Greutate: 3,5 kg; Putere: 2000 W.<\/p>\n","protected":false},"featured_media":23067,"template":"","meta":[],"_links":{"self":[{"href":"https:\/\/evotek.md\/ro\/wp-json\/wp\/v2\/product\/23100"}],"collection":[{"href":"https:\/\/evotek.md\/ro\/wp-json\/wp\/v2\/product"}],"about":[{"href":"https:\/\/evotek.md\/ro\/wp-json\/wp\/v2\/types\/product"}],"wp:featuredmedia":[{"embeddable":true,"href":"https:\/\/evotek.md\/ro\/wp-json\/wp\/v2\/media\/23067"}],"wp:attachment":[{"href":"https:\/\/evotek.md\/ro\/wp-json\/wp\/v2\/media?parent=23100"}],"curies":[{"name":"wp","href":"https:\/\/api.w.org\/{rel}","templated":true}]}}