{"id":23081,"date":"2021-05-28T15:09:17","date_gmt":"2021-05-28T15:09:48","guid":{"rendered":"https:\/\/evotek.md\/?post_type=product&#038;p=23081"},"modified":"2023-03-01T15:08:48","modified_gmt":"2023-03-01T15:08:48","slug":"aparat-pentru-kebab-electric-sd17","status":"publish","type":"product","link":"https:\/\/evotek.md\/ro\/produse\/echipamente-termice\/aparat-pentru-kebab\/aparat-pentru-kebab-electric-sd17\/","title":{"rendered":"APARAT ELECTRIC PENTRU KEBAB, 50 kg -REMTA-SD17"},"content":{"rendered":"<p><strong>APARAT ELECTRIC PENTRU KEBAB, 50 kg -REMTA-SD17-<\/strong> Aparatul electric pentru kebab cu unitate superioar\u0103 de \u00eenc\u0103lzire este o alegere excelent\u0103 pentru cei care doresc s\u0103 fac\u0103 kebab gustos, bine pr\u0103jit, f\u0103r\u0103 prea mult efort. Unitatea superioar\u0103 simplific\u0103 foarte mult munca buc\u0103tarului, iar \u00eenc\u0103lzitoarele ceramice ofer\u0103 o zon\u0103 bun\u0103 de g\u0103tit, \u00een mai pu\u021bin timp \u0219i cu mai mult\u0103 economie de energie.<\/p>\n<p>Caracteristici<\/p>\n<p>\u00cenc\u0103rcare carne: p\u00e2n\u0103 la 50 kg<br \/>\nDimensiuni produs: 540x640x1100mm<br \/>\nGreutate: 28 kg<br \/>\nCapacitate de transport: 50 kg<br \/>\nPutere: 5600 W<br \/>\nTensiune: 220-230 V, 50-60 Hz (monofazat)<\/p>\n<p>&nbsp;<\/p>\n","protected":false},"excerpt":{"rendered":"<p>Aparatul electric cu unitate superioar\u0103 de \u00eenc\u0103lzire. \u00cenc\u0103rcare carne: p\u00e2n\u0103 la 50 kg; Dimensiuni produs: 540x640x1100mm; Greutate: 28 kg; Capacitate de transport: 50 kg; Putere: 5600 W; Tensiune: 220-230 V, 50-60 Hz (monofazat).<\/p>\n","protected":false},"featured_media":23080,"template":"","meta":[],"_links":{"self":[{"href":"https:\/\/evotek.md\/ro\/wp-json\/wp\/v2\/product\/23081"}],"collection":[{"href":"https:\/\/evotek.md\/ro\/wp-json\/wp\/v2\/product"}],"about":[{"href":"https:\/\/evotek.md\/ro\/wp-json\/wp\/v2\/types\/product"}],"wp:featuredmedia":[{"embeddable":true,"href":"https:\/\/evotek.md\/ro\/wp-json\/wp\/v2\/media\/23080"}],"wp:attachment":[{"href":"https:\/\/evotek.md\/ro\/wp-json\/wp\/v2\/media?parent=23081"}],"curies":[{"name":"wp","href":"https:\/\/api.w.org\/{rel}","templated":true}]}}