{"id":23076,"date":"2021-05-28T14:59:07","date_gmt":"2021-05-28T14:59:07","guid":{"rendered":"https:\/\/evotek.md\/?post_type=product&#038;p=23076"},"modified":"2021-05-28T14:59:20","modified_gmt":"2021-05-28T14:59:20","slug":"friteuza-electrica-88-l-r102","status":"publish","type":"product","link":"https:\/\/evotek.md\/ro\/produse\/echipamente-pentru-fast-food\/friteuze-2\/friteuza-electrica-88-l-r102\/","title":{"rendered":"FRITEUZ\u0102 ELECTRIC\u0102 8+8 L -R102"},"content":{"rendered":"<p><strong>FRITEUZ\u0102 ELECTRIC\u0102 8+8 L -R102-<\/strong> Friteuza este utilizat\u0103 \u00een unit\u0103\u021bile de servicii alimentare \u0219i comerciale pentru prepararea unei game largi de bucate \u00een cantit\u0103\u021bi mari de ulei sau gr\u0103simi. Facilit\u0103\u021bi: Potrivit pentru izolare profesional\u0103; Termostat de precizie de precizie; Exist\u0103, de asemenea, un al doilea termostat pentru securitatea la incendiu; O\u021bel gastron; Rezervor de ulei deta\u0219abil din o\u021bel; Cos cu manere detasabile; Corup\u021bia este inevitabil\u0103; Capac de o\u021bel.<br \/>\nCaracteristici<br \/>\nDimensiuni produs: 670x650x340 mm<br \/>\nGreutate: 11 kg<br \/>\nCapacitate: 8 + 8 (16) L<br \/>\nPutere: 6000 W<\/p>\n<p>&nbsp;<\/p>\n","protected":false},"excerpt":{"rendered":"<p>Friteuza electrica la 8+8 (16) litri. Dimensiuni produs: 670x650x340 mm; Greutate: 11 kg; Putere: 6000 W.<\/p>\n","protected":false},"featured_media":23074,"template":"","meta":[],"_links":{"self":[{"href":"https:\/\/evotek.md\/ro\/wp-json\/wp\/v2\/product\/23076"}],"collection":[{"href":"https:\/\/evotek.md\/ro\/wp-json\/wp\/v2\/product"}],"about":[{"href":"https:\/\/evotek.md\/ro\/wp-json\/wp\/v2\/types\/product"}],"wp:featuredmedia":[{"embeddable":true,"href":"https:\/\/evotek.md\/ro\/wp-json\/wp\/v2\/media\/23074"}],"wp:attachment":[{"href":"https:\/\/evotek.md\/ro\/wp-json\/wp\/v2\/media?parent=23076"}],"curies":[{"name":"wp","href":"https:\/\/api.w.org\/{rel}","templated":true}]}}