{"id":23068,"date":"2021-05-28T14:41:11","date_gmt":"2021-05-28T14:41:43","guid":{"rendered":"https:\/\/evotek.md\/?post_type=product&#038;p=23068"},"modified":"2023-02-22T11:48:25","modified_gmt":"2023-02-22T11:48:25","slug":"fierbator-electric-9-l-remta-r50","status":"publish","type":"product","link":"https:\/\/evotek.md\/ro\/produse\/echipamente-pentru-bar-si-cafea\/fierbator-2-echipamente-pentru-bar-si-cafea\/fierbator-electric-9-l-remta-r50\/","title":{"rendered":"FIERBATOR ELECTRIC, 9 LITRI -REMTA R50"},"content":{"rendered":"<p><strong>FIERBATOR ELECTRIC, 9 LITRI -REMTA R50-<\/strong> Fierb\u0103tor electric cu un robinet. Proiectat pentru a \u00eenc\u0103lzi apa \u0219i pentru a men\u021bine ulterior temperatura setat\u0103, acesta este un fierb\u0103tor electric, \u00een care pute\u021bi \u00eenc\u0103lzi p\u00e2n\u0103 la 9 litri de ap\u0103. Carcasa \u0219i capacul sunt din inox. Un indicator extern arat\u0103 c\u00e2t de plin este acesta, iar m\u00e2nerele v\u0103 vor ajuta \u00eentr-o utilizare u\u0219oar\u0103. Fierb\u0103torul este echipat cu co\u0219uri pentru prepararea cafelei \u0219i ceaiului, de asemenea, din o\u021bel inoxidabil.<\/p>\n<p>Dimensiuni: 355x315x445 mm<br \/>\nGreutate: 4 kg<br \/>\nCapacitate: 9 L<br \/>\nPutere: 2400 W<\/p>\n<p>&nbsp;<\/p>\n","protected":false},"excerpt":{"rendered":"<p>Fierb\u0103tor electric cu un robinet, cu un volum de 9 litri. Dimensiuni produs: 355x315x445 mm; Greutate: 4 kg; Putere: 2400 W.<\/p>\n","protected":false},"featured_media":23067,"template":"","meta":[],"_links":{"self":[{"href":"https:\/\/evotek.md\/ro\/wp-json\/wp\/v2\/product\/23068"}],"collection":[{"href":"https:\/\/evotek.md\/ro\/wp-json\/wp\/v2\/product"}],"about":[{"href":"https:\/\/evotek.md\/ro\/wp-json\/wp\/v2\/types\/product"}],"wp:featuredmedia":[{"embeddable":true,"href":"https:\/\/evotek.md\/ro\/wp-json\/wp\/v2\/media\/23067"}],"wp:attachment":[{"href":"https:\/\/evotek.md\/ro\/wp-json\/wp\/v2\/media?parent=23068"}],"curies":[{"name":"wp","href":"https:\/\/api.w.org\/{rel}","templated":true}]}}