{"id":2306,"date":"2020-02-18T09:48:13","date_gmt":"2020-02-18T09:51:16","guid":{"rendered":"https:\/\/evotek.md\/?post_type=product&#038;p=2306"},"modified":"2023-02-06T15:57:19","modified_gmt":"2023-02-06T15:57:19","slug":"masina-de-intins-aluat-mec-easy-500-sm","status":"publish","type":"product","link":"https:\/\/evotek.md\/ro\/produse\/echipamente-electromecanice\/masina-pentru-indindere-aluat\/masina-de-intins-aluat-mec-easy-500-sm\/","title":{"rendered":"MASINA DE INTINS ALUAT 50 cm -MEC Easy 500 SM"},"content":{"rendered":"<p><strong>MA\u0218IN\u0102 DE \u00ceNTINS ALUAT 50 cm -MEC Easy 500 SM<\/strong> &#8211; Ma\u0219ina de \u00eentins aluat este folosit\u0103 \u00een unit\u0103\u021bile de alimenta\u021bie public\u0103, \u00een brut\u0103rii \u0219i cofet\u0103rii pentru rularea aluatului \u0219i formarea buc\u0103\u021bilor de aluat concepute pentru fabricarea de pizza, pr\u0103jituri plate \u0219i produse de panifica\u021bie. Modelul este echipat cu putere electric\u0103 \u0219i plase de protec\u021bie metalice pentru a \u00eempiedica obiectele str\u0103ine s\u0103 intre \u00een mecanismul de lucru. Suprafa\u021ba de lucru a benzii transportoare este realizat\u0103 din inox acoperit cu teflon, rulourile sunt din o\u021bel cromat.<\/p>\n<p>Caracteristici<\/p>\n<p>Dimensiunile suprafe\u021bei de lucru: 500\u0445496 mm<\/p>\n<p>Diametru ruloului: 60 mm<\/p>\n<p>Tip: ma\u0219in\u0103 de turat aluat tip conveier<\/p>\n<p>Instalare: de mas\u0103<\/p>\n<p>Aluat: dreptunghiular<\/p>\n<p>L\u0103\u021bime aluatului: 500 mm<\/p>\n<p>Grosimea aluatului: 0,1 p\u00e2n\u0103 la 34 mm<\/p>\n<p>Tensiune: 220 V<\/p>\n<p>Putere: 0,37 kW<\/p>\n<p>Dimensiuni (LxAx\u00ce): 1000x810x470 mm<\/p>\n<p>Greutate: 70 kg<\/p>\n<p>\u021aara de origine: Italia<\/p>\n<p>&nbsp;<\/p>\n","protected":false},"excerpt":{"rendered":"<p>Ma\u0219in\u0103 de turat aluat tip conveier cu diametrul ruloului de 60 mm. Dimensiunile suprafe\u021bei de lucru: 500\u0445496 mm; Diametru ruloului: 60mm; Tip: ma\u0219in\u0103 de turat aluat tip conveier; Instalare: de mas\u0103; Aluat: dreptunghiular; L\u0103\u021bime aluatului: 500 mm; Grosimea aluatului: 0,1 p\u00e2n\u0103 la 34 mm; Tensiune: 220 V; Putere: 0,37 kW; Dimensiuni (LxAx\u00ce): 1000x810x470 mm; Greutate: 70 kg; \u021aara de origine: Italia.<\/p>\n<p>&nbsp;<\/p>\n","protected":false},"featured_media":2305,"template":"","meta":[],"_links":{"self":[{"href":"https:\/\/evotek.md\/ro\/wp-json\/wp\/v2\/product\/2306"}],"collection":[{"href":"https:\/\/evotek.md\/ro\/wp-json\/wp\/v2\/product"}],"about":[{"href":"https:\/\/evotek.md\/ro\/wp-json\/wp\/v2\/types\/product"}],"wp:featuredmedia":[{"embeddable":true,"href":"https:\/\/evotek.md\/ro\/wp-json\/wp\/v2\/media\/2305"}],"wp:attachment":[{"href":"https:\/\/evotek.md\/ro\/wp-json\/wp\/v2\/media?parent=2306"}],"curies":[{"name":"wp","href":"https:\/\/api.w.org\/{rel}","templated":true}]}}