{"id":22907,"date":"2021-05-19T13:23:42","date_gmt":"2021-05-19T13:24:44","guid":{"rendered":"https:\/\/evotek.md\/?post_type=product&#038;p=22907"},"modified":"2025-04-23T12:37:30","modified_gmt":"2025-04-23T12:37:30","slug":"vitrina-frigorifica-pentru-patiserie-4x5-l-ak816ge","status":"publish","type":"product","link":"https:\/\/evotek.md\/ro\/produse\/echipamente-frigorifice\/vitrine-saladete\/vitrina-frigorifica-pentru-patiserie-4x5-l-ak816ge\/","title":{"rendered":"VITRINA SALADETA, 4&#215;5 L DE MASA -AK816GE"},"content":{"rendered":"<p><strong>VITRINA SALADETA, 4&#215;5 L DE MASA -AK816GE-<\/strong> Vitrin\u0103 frigorific\u0103 pentru produse de patiserie. Facilit\u0103\u021bi: Construc\u021bie din inox; R\u0103cire static\u0103; Unitate frigorific\u0103 \u00eencorporat\u0103; Controler digital; Scurgere manual\u0103 a condensului; Dezghe\u021bare manual\u0103; Acoperire curbat\u0103 din sticl\u0103 c\u0103lit\u0103 cu arcuri cu gaz pentru ridicare u\u0219oar\u0103; 4 picioare reglabile; Echipat cu 4 t\u0103vi gastronomice cu o capacitate de 5 litri.<\/p>\n<p>Caracteristici<br \/>\nPutere: 220 W<br \/>\nAlimentare: 230 \/ 1N \/ 50<br \/>\nInterval de temperatur\u0103: -18 \/ -25 \u00b0C<br \/>\nTipul de agent frigorific: R290a<br \/>\nTemperatura \/ umiditatea maxim\u0103: +25 \u00b0C \/ 60% RH<br \/>\nDimensiuni: 805x666x356h mm<br \/>\nCapacitate: 4&#215;5 litri<br \/>\nGreutate: 35 kg<\/p>\n<p>&nbsp;<\/p>\n","protected":false},"excerpt":{"rendered":"<p>Vitrin\u0103 saladeta 4&#215;5 litri. Putere: 220 W; Alimentare: 230 \/ 1N \/ 50; Interval de temperatur\u0103: -18 \/ -25 \u00b0C; Tipul de agent frigorific: R290a; Temperatura \/ umiditatea maxim\u0103: +25 \u00b0C \/ 60% RH; Dimensiuni: 805x666x356h mm; Capacitate: 4&#215;5 litri; Greutate: 35 kg.<\/p>\n","protected":false},"featured_media":22905,"template":"","meta":[],"_links":{"self":[{"href":"https:\/\/evotek.md\/ro\/wp-json\/wp\/v2\/product\/22907"}],"collection":[{"href":"https:\/\/evotek.md\/ro\/wp-json\/wp\/v2\/product"}],"about":[{"href":"https:\/\/evotek.md\/ro\/wp-json\/wp\/v2\/types\/product"}],"wp:featuredmedia":[{"embeddable":true,"href":"https:\/\/evotek.md\/ro\/wp-json\/wp\/v2\/media\/22905"}],"wp:attachment":[{"href":"https:\/\/evotek.md\/ro\/wp-json\/wp\/v2\/media?parent=22907"}],"curies":[{"name":"wp","href":"https:\/\/api.w.org\/{rel}","templated":true}]}}